{"id":249137,"date":"2024-12-16T13:37:22","date_gmt":"2024-12-16T12:37:22","guid":{"rendered":"https:\/\/vbtec.com\/?page_id=249137"},"modified":"2025-01-15T13:46:51","modified_gmt":"2025-01-15T12:46:51","slug":"reforco-de-treinamento-do-musculo-soleo","status":"publish","type":"page","link":"https:\/\/vbtec.com\/pt\/reforco-de-treinamento-do-musculo-soleo\/","title":{"rendered":"Refor\u00e7o para treinamento do m\u00fasculo s\u00f3leo"},"content":{"rendered":"<div data-elementor-type=\"wp-page\" data-elementor-id=\"249137\" class=\"elementor elementor-249137\" data-elementor-settings=\"{&quot;ha_cmc_init_switcher&quot;:&quot;no&quot;}\" data-elementor-post-type=\"page\">\n\t\t\t\t<div class=\"elementor-element elementor-element-6648646e e-con-full e-flex e-con e-parent\" data-id=\"6648646e\" data-element_type=\"container\" data-settings=\"{&quot;_ha_eqh_enable&quot;:false}\">\n\t\t\t\t<\/div>\n\t\t<div class=\"elementor-element elementor-element-369391 e-con-full e-flex e-con e-parent\" data-id=\"369391\" data-element_type=\"container\" data-settings=\"{&quot;_ha_eqh_enable&quot;:false}\">\n\t\t\t\t<\/div>\n\t\t\t\t<section class=\"elementor-section elementor-top-section elementor-element elementor-element-23806ff7 elementor-section-height-min-height elementor-section-content-middle elementor-section-boxed elementor-section-height-default elementor-section-items-middle\" data-id=\"23806ff7\" data-element_type=\"section\" data-settings=\"{&quot;background_background&quot;:&quot;slideshow&quot;,&quot;background_slideshow_gallery&quot;:[{&quot;id&quot;:249140,&quot;url&quot;:&quot;https:\\\/\\\/vbtec.com\\\/wp-content\\\/uploads\\\/2024\\\/12\\\/freepik__candid-image-photography-natural-textures-highly-r__14430.webp&quot;}],&quot;background_slideshow_transition_duration&quot;:2000,&quot;background_slideshow_ken_burns&quot;:&quot;yes&quot;,&quot;background_slideshow_loop&quot;:&quot;yes&quot;,&quot;background_slideshow_slide_duration&quot;:5000,&quot;background_slideshow_slide_transition&quot;:&quot;fade&quot;,&quot;background_slideshow_ken_burns_zoom_direction&quot;:&quot;in&quot;,&quot;_ha_eqh_enable&quot;:false}\">\n\t\t\t\t\t\t\t<div class=\"elementor-background-overlay\"><\/div>\n\t\t\t\t\t\t\t<div class=\"elementor-container elementor-column-gap-default\">\n\t\t\t\t\t<div class=\"elementor-column elementor-col-100 elementor-top-column elementor-element elementor-element-51e41fab\" data-id=\"51e41fab\" data-element_type=\"column\">\n\t\t\t<div class=\"elementor-widget-wrap elementor-element-populated\">\n\t\t\t\t\t\t<div class=\"elementor-element elementor-element-1460fa5d premium-header-inline elementor-widget elementor-widget-premium-addon-dual-header\" data-id=\"1460fa5d\" data-element_type=\"widget\" data-widget_type=\"premium-addon-dual-header.default\">\n\t\t\t\t<div class=\"elementor-widget-container\">\n\t\t\t\t\t\n\t\t\t\t\t<h1 class=\"premium-dual-header-first-header\"><span class=\"premium-dual-header-first-span\">VISIONBODY <\/span><span class=\"premium-dual-header-second-header\">Soleus Training Booster<\/span><\/h1> \t\t\n\t\t\t\t\t\t<\/div>\n\t\t\t\t<\/div>\n\t\t\t\t<div class=\"elementor-element elementor-element-2416e9c9 elementor-widget elementor-widget-heading\" data-id=\"2416e9c9\" data-element_type=\"widget\" data-widget_type=\"heading.default\">\n\t\t\t\t\t<h2 class=\"elementor-heading-title elementor-size-default\">Aumente seu metabolismo com o treinamento Soleus - agora aprimorado com a tecnologia Visionbody<\/h2>\t\t\t\t<\/div>\n\t\t\t\t\t<\/div>\n\t\t<\/div>\n\t\t\t\t\t<\/div>\n\t\t<\/section>\n\t\t\t\t<section class=\"elementor-section elementor-top-section elementor-element elementor-element-45136f72 elementor-section-boxed elementor-section-height-default elementor-section-height-default\" data-id=\"45136f72\" data-element_type=\"section\" data-settings=\"{&quot;background_background&quot;:&quot;classic&quot;,&quot;_ha_eqh_enable&quot;:false}\">\n\t\t\t\t\t\t<div class=\"elementor-container elementor-column-gap-default\">\n\t\t\t\t\t<div class=\"elementor-column elementor-col-100 elementor-top-column elementor-element elementor-element-3e8c8f77\" data-id=\"3e8c8f77\" data-element_type=\"column\">\n\t\t\t<div class=\"elementor-widget-wrap elementor-element-populated\">\n\t\t\t\t\t\t<div class=\"elementor-element elementor-element-b30b369 elementor-invisible elementor-widget elementor-widget-text-editor\" data-id=\"b30b369\" data-element_type=\"widget\" data-settings=\"{&quot;_animation&quot;:&quot;fadeInUp&quot;}\" data-widget_type=\"text-editor.default\">\n\t\t\t\t\t\t\t\t\t<p><b>Revolucione sua sa\u00fade com o Soleus Activation<\/b><\/p><p>O <b>m\u00fasculo s\u00f3leo<\/b>localizado em suas panturrilhas, foi identificado como um \"<b>m\u00fasculo milagroso<\/b>\" por pesquisadores da Universidade de Houston. Apesar de representar apenas 1% do seu peso corporal, esse pequeno mas poderoso m\u00fasculo usa o a\u00e7\u00facar no sangue e as gorduras como combust\u00edvel, otimizando o metabolismo e ajudando a prevenir problemas de sa\u00fade comuns, como diabetes, press\u00e3o alta e obesidade. <br \/><b>Ao contr\u00e1rio de outros m\u00fasculos, o m\u00fasculo s\u00f3leo pode manter o metabolismo oxidativo elevado por horas, mesmo sentado.<\/b><\/p>\t\t\t\t\t\t\t\t<\/div>\n\t\t\t\t\t<\/div>\n\t\t<\/div>\n\t\t\t\t\t<\/div>\n\t\t<\/section>\n\t\t\t\t<section class=\"elementor-section elementor-top-section elementor-element elementor-element-e49e68b elementor-section-full_width elementor-reverse-mobile elementor-section-height-default elementor-section-height-default\" data-id=\"e49e68b\" data-element_type=\"section\" data-settings=\"{&quot;background_background&quot;:&quot;classic&quot;,&quot;_ha_eqh_enable&quot;:false}\">\n\t\t\t\t\t\t<div class=\"elementor-container elementor-column-gap-no\">\n\t\t\t\t\t<div class=\"elementor-column elementor-col-50 elementor-top-column elementor-element elementor-element-31694dbf\" data-id=\"31694dbf\" data-element_type=\"column\" data-settings=\"{&quot;background_background&quot;:&quot;classic&quot;}\">\n\t\t\t<div class=\"elementor-widget-wrap elementor-element-populated\">\n\t\t\t\t\t<div class=\"elementor-background-overlay\"><\/div>\n\t\t\t\t\t\t<section class=\"elementor-section elementor-inner-section elementor-element elementor-element-38335b4f elementor-section-boxed elementor-section-height-default elementor-section-height-default\" data-id=\"38335b4f\" data-element_type=\"section\" data-settings=\"{&quot;_ha_eqh_enable&quot;:false}\">\n\t\t\t\t\t\t<div class=\"elementor-container elementor-column-gap-default\">\n\t\t\t\t\t<div class=\"elementor-column elementor-col-100 elementor-inner-column elementor-element elementor-element-127b3554\" data-id=\"127b3554\" data-element_type=\"column\">\n\t\t\t<div class=\"elementor-widget-wrap elementor-element-populated\">\n\t\t\t\t\t\t<div class=\"elementor-element elementor-element-da6b3d1 elementor-widget elementor-widget-spacer\" data-id=\"da6b3d1\" data-element_type=\"widget\" data-widget_type=\"spacer.default\">\n\t\t\t\t\t\t\t<div class=\"elementor-spacer\">\n\t\t\t<div class=\"elementor-spacer-inner\"><\/div>\n\t\t<\/div>\n\t\t\t\t\t\t<\/div>\n\t\t\t\t<div class=\"elementor-element elementor-element-556c4378 elementor-vertical-align-top elementor-widget elementor-widget-icon-box\" data-id=\"556c4378\" data-element_type=\"widget\" data-widget_type=\"icon-box.default\">\n\t\t\t\t\t\t\t<div class=\"elementor-icon-box-wrapper\">\n\n\t\t\t\n\t\t\t\t\t\t<div class=\"elementor-icon-box-content\">\n\n\t\t\t\t\t\t\t\t\t<h5 class=\"elementor-icon-box-title\">\n\t\t\t\t\t\t<span  >\n\t\t\t\t\t\t\tA vantagem do EMS da Visionbody\t\t\t\t\t\t<\/span>\n\t\t\t\t\t<\/h5>\n\t\t\t\t\n\t\t\t\t\t\t\t\t\t<p class=\"elementor-icon-box-description\">\n\t\t\t\t\t\t<br>Nosso <b>Traje Visionbody EMS de 12 canais<\/b> leva o treinamento do s\u00f3leo para o pr\u00f3ximo n\u00edvel. Com eletrodos integrados <b>colocados diretamente sobre as panturrilhas<\/b>O Visionbody EMS Suit estimula o m\u00fasculo s\u00f3leo sem esfor\u00e7o, permitindo a ativa\u00e7\u00e3o ideal durante os exerc\u00edcios ou mesmo em repouso. Essa tecnologia exclusiva permite o consumo de energia direcionado e a queima de gordura aprimorada, oferecendo benef\u00edcios como:\t\t\t\t\t<\/p>\n\t\t\t\t\n\t\t\t<\/div>\n\t\t\t\n\t\t<\/div>\n\t\t\t\t\t\t<\/div>\n\t\t\t\t<div class=\"elementor-element elementor-element-ef31325 premium-type-column elementor-widget elementor-widget-premium-icon-list\" data-id=\"ef31325\" data-element_type=\"widget\" data-settings=\"{&quot;premium_icon_list_animation&quot;:&quot;slideInRight&quot;,&quot;rbadges_repeater&quot;:[],&quot;premium_icon_list_animation_delay&quot;:0}\" data-widget_type=\"premium-icon-list.default\">\n\t\t\t\t\t\t\t\t<ul class=\"premium-bullet-list-box\" data-list-animation=\"slideInRight animated-\">\n\t\t\n\t\t\t<li class=\"premium-bullet-list-content elementor-repeater-item-a06091b\" data-delay=\"0\">\n\t\t\t\t<div class=\"premium-bullet-list-text\">\n\t\t\t\t\t\t\t\t<div class=\"premium-bullet-list-wrapper\">\n\t\t\t\t\t<div class=\"premium-drawable-icon\"><i class=\"premium-svg-nodraw huge huge-checkmark-square-03\" aria-hidden=\"true\"><\/i><\/div>\t\t\t\t<\/div>\n\t\t\t\t\n\t\t\t\t<span   data-text=\"Increased metabolic rate\"> Aumento da taxa metab\u00f3lica <\/span>\n\t\t\t\t<\/div>\n\n\t\t\t\t\n\t\t\t\t\n\t\t\t<\/li>\n\n\t\t\t\t\n\t\t\t<li class=\"premium-bullet-list-content elementor-repeater-item-559d4b2\" data-delay=\"0\">\n\t\t\t\t<div class=\"premium-bullet-list-text\">\n\t\t\t\t\t\t\t\t<div class=\"premium-bullet-list-wrapper\">\n\t\t\t\t\t<div class=\"premium-drawable-icon\"><i class=\"premium-svg-nodraw huge huge-checkmark-square-03\" aria-hidden=\"true\"><\/i><\/div>\t\t\t\t<\/div>\n\t\t\t\t\n\t\t\t\t<span   data-text=\"Enhanced fat utilization\"> Utiliza\u00e7\u00e3o aprimorada de gordura <\/span>\n\t\t\t\t<\/div>\n\n\t\t\t\t\n\t\t\t\t\n\t\t\t<\/li>\n\n\t\t\t\t\n\t\t\t<li class=\"premium-bullet-list-content elementor-repeater-item-c8036dc\" data-delay=\"0\">\n\t\t\t\t<div class=\"premium-bullet-list-text\">\n\t\t\t\t\t\t\t\t<div class=\"premium-bullet-list-wrapper\">\n\t\t\t\t\t<div class=\"premium-drawable-icon\"><i class=\"premium-svg-nodraw huge huge-checkmark-square-03\" aria-hidden=\"true\"><\/i><\/div>\t\t\t\t<\/div>\n\t\t\t\t\n\t\t\t\t<span   data-text=\"Improved cardiovascular health\"> Melhoria da sa\u00fade cardiovascular <\/span>\n\t\t\t\t<\/div>\n\n\t\t\t\t\n\t\t\t\t\n\t\t\t<\/li>\n\n\t\t\t\t\t\t<\/ul>\n\t\t\t\t\t\t<\/div>\n\t\t\t\t\t<\/div>\n\t\t<\/div>\n\t\t\t\t\t<\/div>\n\t\t<\/section>\n\t\t\t\t<div class=\"elementor-element elementor-element-18bceb44 elementor-widget elementor-widget-spacer\" data-id=\"18bceb44\" data-element_type=\"widget\" data-widget_type=\"spacer.default\">\n\t\t\t\t\t\t\t<div class=\"elementor-spacer\">\n\t\t\t<div class=\"elementor-spacer-inner\"><\/div>\n\t\t<\/div>\n\t\t\t\t\t\t<\/div>\n\t\t\t\t\t<\/div>\n\t\t<\/div>\n\t\t\t\t<div class=\"elementor-column elementor-col-50 elementor-top-column elementor-element elementor-element-34fdd9ad\" data-id=\"34fdd9ad\" data-element_type=\"column\" data-settings=\"{&quot;background_background&quot;:&quot;classic&quot;}\">\n\t\t\t<div class=\"elementor-widget-wrap elementor-element-populated\">\n\t\t\t\t\t\t<div class=\"elementor-element elementor-element-2cd67a6d elementor-widget elementor-widget-spacer\" data-id=\"2cd67a6d\" data-element_type=\"widget\" data-widget_type=\"spacer.default\">\n\t\t\t\t\t\t\t<div class=\"elementor-spacer\">\n\t\t\t<div class=\"elementor-spacer-inner\"><\/div>\n\t\t<\/div>\n\t\t\t\t\t\t<\/div>\n\t\t\t\t\t<\/div>\n\t\t<\/div>\n\t\t\t\t\t<\/div>\n\t\t<\/section>\n\t\t\t\t<section class=\"elementor-section elementor-top-section elementor-element elementor-element-42d4ac6d elementor-section-boxed elementor-section-height-default elementor-section-height-default\" data-id=\"42d4ac6d\" data-element_type=\"section\" data-settings=\"{&quot;background_background&quot;:&quot;classic&quot;,&quot;_ha_eqh_enable&quot;:false}\">\n\t\t\t\t\t\t\t<div class=\"elementor-background-overlay\"><\/div>\n\t\t\t\t\t\t\t<div class=\"elementor-container elementor-column-gap-default\">\n\t\t\t\t\t<div class=\"elementor-column elementor-col-100 elementor-top-column elementor-element elementor-element-2bcf5e47\" data-id=\"2bcf5e47\" data-element_type=\"column\">\n\t\t\t<div class=\"elementor-widget-wrap elementor-element-populated\">\n\t\t\t\t\t\t<div class=\"elementor-element elementor-element-6d399451 elementor-widget elementor-widget-heading\" data-id=\"6d399451\" data-element_type=\"widget\" data-widget_type=\"heading.default\">\n\t\t\t\t\t<h2 class=\"elementor-heading-title elementor-size-default\">Como ativar o m\u00fasculo s\u00f3leo com o Visionbody<\/h2>\t\t\t\t<\/div>\n\t\t\t\t\t<\/div>\n\t\t<\/div>\n\t\t\t\t\t<\/div>\n\t\t<\/section>\n\t\t\t\t<section class=\"elementor-section elementor-top-section elementor-element elementor-element-354745c2 elementor-section-content-middle elementor-section-stretched elementor-section-full_width elementor-section-height-default elementor-section-height-default\" data-id=\"354745c2\" data-element_type=\"section\" data-settings=\"{&quot;background_background&quot;:&quot;classic&quot;,&quot;stretch_section&quot;:&quot;section-stretched&quot;,&quot;_ha_eqh_enable&quot;:false}\">\n\t\t\t\t\t\t<div class=\"elementor-container elementor-column-gap-default\">\n\t\t\t\t\t<div class=\"elementor-column elementor-col-50 elementor-top-column elementor-element elementor-element-626d05ca\" data-id=\"626d05ca\" data-element_type=\"column\" data-settings=\"{&quot;background_background&quot;:&quot;classic&quot;}\">\n\t\t\t<div class=\"elementor-widget-wrap elementor-element-populated\">\n\t\t\t\t\t\t<div class=\"elementor-element elementor-element-561c8f8b elementor-widget elementor-widget-spacer\" data-id=\"561c8f8b\" data-element_type=\"widget\" data-widget_type=\"spacer.default\">\n\t\t\t\t\t\t\t<div class=\"elementor-spacer\">\n\t\t\t<div class=\"elementor-spacer-inner\"><\/div>\n\t\t<\/div>\n\t\t\t\t\t\t<\/div>\n\t\t\t\t\t<\/div>\n\t\t<\/div>\n\t\t\t\t<div class=\"elementor-column elementor-col-50 elementor-top-column elementor-element elementor-element-2b92dcf4\" data-id=\"2b92dcf4\" data-element_type=\"column\" data-settings=\"{&quot;background_background&quot;:&quot;classic&quot;}\">\n\t\t\t<div class=\"elementor-widget-wrap elementor-element-populated\">\n\t\t\t\t\t\t<section class=\"elementor-section elementor-inner-section elementor-element elementor-element-4e952801 elementor-section-boxed elementor-section-height-default elementor-section-height-default\" data-id=\"4e952801\" data-element_type=\"section\" data-settings=\"{&quot;_ha_eqh_enable&quot;:false}\">\n\t\t\t\t\t\t<div class=\"elementor-container elementor-column-gap-default\">\n\t\t\t\t\t<div class=\"elementor-column elementor-col-100 elementor-inner-column elementor-element elementor-element-679e970\" data-id=\"679e970\" data-element_type=\"column\">\n\t\t\t<div class=\"elementor-widget-wrap elementor-element-populated\">\n\t\t\t\t\t\t<div class=\"elementor-element elementor-element-ddbff89 elementor-widget elementor-widget-heading\" data-id=\"ddbff89\" data-element_type=\"widget\" data-widget_type=\"heading.default\">\n\t\t\t\t\t<h2 class=\"elementor-heading-title elementor-size-default\">Com base em anos de pesquisa, combinamos o comprovado m\u00e9todo \"soleus push-up\" com a tecnologia do nosso EMS Suit. Na posi\u00e7\u00e3o sentada ou durante movimentos leves:<br><br>\n<b><ol><li>Sente-se em uma cadeira com os dois p\u00e9s apoiados no ch\u00e3o.<\/li><li>Levante os calcanhares e mantenha os dedos dos p\u00e9s no ch\u00e3o.<\/li><li>Abaixe os calcanhares e repita.<\/li><\/ol><\/b><br>\nNossa tecnologia EMS garante que cada contra\u00e7\u00e3o seja otimizada, proporcionando uma ativa\u00e7\u00e3o mais profunda e eficiente do que os m\u00e9todos tradicionais.\n<\/h2>\t\t\t\t<\/div>\n\t\t\t\t\t<\/div>\n\t\t<\/div>\n\t\t\t\t\t<\/div>\n\t\t<\/section>\n\t\t\t\t\t<\/div>\n\t\t<\/div>\n\t\t\t\t\t<\/div>\n\t\t<\/section>\n\t\t<div class=\"elementor-element elementor-element-6a5e19e3 e-flex e-con-boxed e-con e-parent\" data-id=\"6a5e19e3\" data-element_type=\"container\" data-settings=\"{&quot;background_background&quot;:&quot;classic&quot;,&quot;_ha_eqh_enable&quot;:false}\">\n\t\t\t\t\t<div class=\"e-con-inner\">\n\t\t<div class=\"elementor-element elementor-element-4dd454a2 e-con-full e-flex e-con e-child\" data-id=\"4dd454a2\" data-element_type=\"container\" data-settings=\"{&quot;_ha_eqh_enable&quot;:false}\">\n\t\t\t\t<div class=\"elementor-element elementor-element-735ff531 elementor-widget elementor-widget-heading\" data-id=\"735ff531\" data-element_type=\"widget\" data-widget_type=\"heading.default\">\n\t\t\t\t\t<h2 class=\"elementor-heading-title elementor-size-default\">Descubra os benef\u00edcios para a sa\u00fade hoje mesmo<\/h2>\t\t\t\t<\/div>\n\t\t\t\t<div class=\"elementor-element elementor-element-2376f893 elementor-widget elementor-widget-text-editor\" data-id=\"2376f893\" data-element_type=\"widget\" data-widget_type=\"text-editor.default\">\n\t\t\t\t\t\t\t\t\t<p class=\"p2\">Ficar sentado por longas horas pode diminuir as taxas metab\u00f3licas, levando a v\u00e1rios riscos \u00e0 sa\u00fade. Com <strong>Visionbody EMS<\/strong>Voc\u00ea pode neutralizar esses efeitos. Seja trabalhando, relaxando ou se exercitando, nosso traje mant\u00e9m o m\u00fasculo s\u00f3leo ativo, ajudando voc\u00ea a se manter saud\u00e1vel e energizado.<\/p>\t\t\t\t\t\t\t\t<\/div>\n\t\t\t\t<div class=\"elementor-element elementor-element-89a9d38 elementor-align-center elementor-widget elementor-widget-button\" data-id=\"89a9d38\" data-element_type=\"widget\" data-widget_type=\"button.default\">\n\t\t\t\t\t\t\t\t\t\t<a class=\"elementor-button elementor-button-link elementor-size-sm\" href=\"https:\/\/vbtec.com\/pt\/vb-pro\/powersuit\/\">\n\t\t\t\t\t\t<span class=\"elementor-button-content-wrapper\">\n\t\t\t\t\t\t\t\t\t<span class=\"elementor-button-text\">Saiba mais<\/span>\n\t\t\t\t\t<\/span>\n\t\t\t\t\t<\/a>\n\t\t\t\t\t\t\t\t<\/div>\n\t\t\t\t<\/div>\n\t\t\t\t\t<\/div>\n\t\t\t\t<\/div>\n\t\t\t\t<\/div>","protected":false},"excerpt":{"rendered":"<p>VISIONBODY Soleus Training Booster Aumente seu metabolismo com o treinamento do s\u00f3leo - agora aprimorado com a tecnologia Visionbody Revolucione sua sa\u00fade com a ativa\u00e7\u00e3o do s\u00f3leo O m\u00fasculo s\u00f3leo, localizado nas panturrilhas, foi identificado como um \"m\u00fasculo milagroso\" por pesquisadores da Universidade de Houston. Apesar de representar apenas 1% de seu peso corporal, esse m\u00fasculo pequeno, mas [...]<\/p>","protected":false},"author":2,"featured_media":0,"parent":0,"menu_order":8,"comment_status":"closed","ping_status":"closed","template":"","meta":{"footnotes":""},"class_list":["post-249137","page","type-page","status-publish","hentry"],"aioseo_notices":[],"_links":{"self":[{"href":"https:\/\/vbtec.com\/pt\/wp-json\/wp\/v2\/pages\/249137","targetHints":{"allow":["GET"]}}],"collection":[{"href":"https:\/\/vbtec.com\/pt\/wp-json\/wp\/v2\/pages"}],"about":[{"href":"https:\/\/vbtec.com\/pt\/wp-json\/wp\/v2\/types\/page"}],"author":[{"embeddable":true,"href":"https:\/\/vbtec.com\/pt\/wp-json\/wp\/v2\/users\/2"}],"replies":[{"embeddable":true,"href":"https:\/\/vbtec.com\/pt\/wp-json\/wp\/v2\/comments?post=249137"}],"version-history":[{"count":3,"href":"https:\/\/vbtec.com\/pt\/wp-json\/wp\/v2\/pages\/249137\/revisions"}],"predecessor-version":[{"id":249716,"href":"https:\/\/vbtec.com\/pt\/wp-json\/wp\/v2\/pages\/249137\/revisions\/249716"}],"wp:attachment":[{"href":"https:\/\/vbtec.com\/pt\/wp-json\/wp\/v2\/media?parent=249137"}],"curies":[{"name":"wp","href":"https:\/\/api.w.org\/{rel}","templated":true}]}}