{"id":248678,"date":"2024-01-10T07:10:42","date_gmt":"2024-01-10T06:10:42","guid":{"rendered":"https:\/\/vbtec.com\/?page_id=248678"},"modified":"2024-01-10T07:21:29","modified_gmt":"2024-01-10T06:21:29","slug":"ciencia","status":"publish","type":"page","link":"https:\/\/vbtec.com\/pt\/ciencia\/","title":{"rendered":"Sience"},"content":{"rendered":"<div data-elementor-type=\"wp-page\" data-elementor-id=\"248678\" class=\"elementor elementor-248678\" data-elementor-settings=\"{&quot;ha_cmc_init_switcher&quot;:&quot;no&quot;}\" data-elementor-post-type=\"page\">\n\t\t\t\t<div class=\"elementor-element elementor-element-1bff995b e-con-full e-flex e-con e-parent\" data-id=\"1bff995b\" data-element_type=\"container\" data-settings=\"{&quot;background_background&quot;:&quot;classic&quot;,&quot;_ha_eqh_enable&quot;:false}\">\n\t\t\t\t<div class=\"elementor-element elementor-element-6664270f elementor-widget elementor-widget-heading\" data-id=\"6664270f\" data-element_type=\"widget\" data-widget_type=\"heading.default\">\n\t\t\t\t\t<h2 class=\"elementor-heading-title elementor-size-default\">EM BREVE<\/h2>\t\t\t\t<\/div>\n\t\t\t\t<div class=\"elementor-element elementor-element-9191d7b elementor-widget elementor-widget-heading\" data-id=\"9191d7b\" data-element_type=\"widget\" data-widget_type=\"heading.default\">\n\t\t\t\t\t<h2 class=\"elementor-heading-title elementor-size-default\">A ci\u00eancia descobre os segredos do universo para um futuro melhor. <br>Continue explorando com admira\u00e7\u00e3o!<\/h2>\t\t\t\t<\/div>\n\t\t\t\t<\/div>\n\t\t\t\t<\/div>","protected":false},"excerpt":{"rendered":"<p>EM BREVE A ci\u00eancia descobre os segredos do universo para um futuro melhor. Continue explorando com admira\u00e7\u00e3o!<\/p>","protected":false},"author":2,"featured_media":0,"parent":0,"menu_order":9,"comment_status":"closed","ping_status":"closed","template":"","meta":{"footnotes":""},"class_list":["post-248678","page","type-page","status-publish","hentry"],"aioseo_notices":[],"_links":{"self":[{"href":"https:\/\/vbtec.com\/pt\/wp-json\/wp\/v2\/pages\/248678","targetHints":{"allow":["GET"]}}],"collection":[{"href":"https:\/\/vbtec.com\/pt\/wp-json\/wp\/v2\/pages"}],"about":[{"href":"https:\/\/vbtec.com\/pt\/wp-json\/wp\/v2\/types\/page"}],"author":[{"embeddable":true,"href":"https:\/\/vbtec.com\/pt\/wp-json\/wp\/v2\/users\/2"}],"replies":[{"embeddable":true,"href":"https:\/\/vbtec.com\/pt\/wp-json\/wp\/v2\/comments?post=248678"}],"version-history":[{"count":3,"href":"https:\/\/vbtec.com\/pt\/wp-json\/wp\/v2\/pages\/248678\/revisions"}],"predecessor-version":[{"id":248683,"href":"https:\/\/vbtec.com\/pt\/wp-json\/wp\/v2\/pages\/248678\/revisions\/248683"}],"wp:attachment":[{"href":"https:\/\/vbtec.com\/pt\/wp-json\/wp\/v2\/media?parent=248678"}],"curies":[{"name":"wp","href":"https:\/\/api.w.org\/{rel}","templated":true}]}}