{"id":248605,"date":"2024-01-05T20:17:55","date_gmt":"2024-01-05T19:17:55","guid":{"rendered":"https:\/\/vbtec.com\/?page_id=248605"},"modified":"2024-11-26T16:37:20","modified_gmt":"2024-11-26T15:37:20","slug":"carreiras","status":"publish","type":"page","link":"https:\/\/vbtec.com\/pt\/empresa\/carreiras\/","title":{"rendered":"Carreiras"},"content":{"rendered":"<div data-elementor-type=\"wp-page\" data-elementor-id=\"248605\" class=\"elementor elementor-248605\" data-elementor-settings=\"{&quot;ha_cmc_init_switcher&quot;:&quot;no&quot;}\" data-elementor-post-type=\"page\">\n\t\t\t\t\t\t<section class=\"elementor-section elementor-top-section elementor-element elementor-element-a408ad2 elementor-section-height-min-height elementor-section-content-middle elementor-section-boxed elementor-section-height-default elementor-section-items-middle\" data-id=\"a408ad2\" data-element_type=\"section\" data-settings=\"{&quot;background_background&quot;:&quot;slideshow&quot;,&quot;background_slideshow_gallery&quot;:[{&quot;id&quot;:248616,&quot;url&quot;:&quot;https:\\\/\\\/vbtec.com\\\/wp-content\\\/uploads\\\/2024\\\/01\\\/nlet.webp&quot;}],&quot;background_slideshow_transition_duration&quot;:2000,&quot;background_slideshow_ken_burns&quot;:&quot;yes&quot;,&quot;background_slideshow_loop&quot;:&quot;yes&quot;,&quot;background_slideshow_slide_duration&quot;:5000,&quot;background_slideshow_slide_transition&quot;:&quot;fade&quot;,&quot;background_slideshow_ken_burns_zoom_direction&quot;:&quot;in&quot;,&quot;_ha_eqh_enable&quot;:false}\">\n\t\t\t\t\t\t\t<div class=\"elementor-background-overlay\"><\/div>\n\t\t\t\t\t\t\t<div class=\"elementor-container elementor-column-gap-default\">\n\t\t\t\t\t<div class=\"elementor-column elementor-col-100 elementor-top-column elementor-element elementor-element-6ad88886\" data-id=\"6ad88886\" data-element_type=\"column\">\n\t\t\t<div class=\"elementor-widget-wrap elementor-element-populated\">\n\t\t\t\t\t\t<section class=\"elementor-section elementor-inner-section elementor-element elementor-element-2263fcb3 elementor-section-boxed elementor-section-height-default elementor-section-height-default\" data-id=\"2263fcb3\" data-element_type=\"section\" data-settings=\"{&quot;_ha_eqh_enable&quot;:false}\">\n\t\t\t\t\t\t<div class=\"elementor-container elementor-column-gap-default\">\n\t\t\t\t\t<div class=\"elementor-column elementor-col-100 elementor-inner-column elementor-element elementor-element-259db7af\" data-id=\"259db7af\" data-element_type=\"column\">\n\t\t\t<div class=\"elementor-widget-wrap elementor-element-populated\">\n\t\t\t\t\t\t<div class=\"elementor-element elementor-element-580bcb6f premium-mask-yes premium-header-inline premium-mask-tr elementor-widget elementor-widget-premium-addon-dual-header\" data-id=\"580bcb6f\" data-element_type=\"widget\" data-widget_type=\"premium-addon-dual-header.default\">\n\t\t\t\t<div class=\"elementor-widget-container\">\n\t\t\t\t\t\n\t\t\t\t\t<h1 class=\"premium-dual-header-first-header\"><span class=\"premium-dual-header-first-span\">CARREIRA <\/span><span class=\"premium-dual-header-second-header\">no VBTec<\/span><\/h1> \t\t\n\t\t\t\t\t\t<\/div>\n\t\t\t\t<\/div>\n\t\t\t\t<div class=\"elementor-element elementor-element-50e8e270 elementor-widget elementor-widget-heading\" data-id=\"50e8e270\" data-element_type=\"widget\" data-widget_type=\"heading.default\">\n\t\t\t\t\t<h2 class=\"elementor-heading-title elementor-size-default\">Desenvolva sua linha de produtos e estabele\u00e7a padr\u00f5es <br>no mercado EMS\/EMA em expans\u00e3o!<\/h2>\t\t\t\t<\/div>\n\t\t\t\t\t<\/div>\n\t\t<\/div>\n\t\t\t\t\t<\/div>\n\t\t<\/section>\n\t\t\t\t\t<\/div>\n\t\t<\/div>\n\t\t\t\t\t<\/div>\n\t\t<\/section>\n\t\t<div class=\"elementor-element elementor-element-063e60b e-flex e-con-boxed e-con e-parent\" data-id=\"063e60b\" data-element_type=\"container\" data-settings=\"{&quot;background_background&quot;:&quot;classic&quot;,&quot;_ha_eqh_enable&quot;:false}\">\n\t\t\t\t\t<div class=\"e-con-inner\">\n\t\t<div class=\"elementor-element elementor-element-ae0132c e-con-full e-flex e-con e-child\" data-id=\"ae0132c\" data-element_type=\"container\" data-settings=\"{&quot;_ha_eqh_enable&quot;:false}\">\n\t\t\t\t<div class=\"elementor-element elementor-element-6d86ea4 elementor-widget elementor-widget-text-editor\" data-id=\"6d86ea4\" data-element_type=\"widget\" data-widget_type=\"text-editor.default\">\n\t\t\t\t\t\t\t\t\t<p>Interessado em uma carreira para otimizar a sa\u00fade de outras pessoas com a mais avan\u00e7ada tecnologia EMS\/EMA dispon\u00edvel?&nbsp;<\/p>\n<p>Estamos sempre \u00e0 procura de pessoas entusiasmadas, apaixonadas, voltadas para o fitness e o bem-estar.&nbsp;<\/p>\n<p>Preencha o formul\u00e1rio e expresse seu interesse e experi\u00eancia desejados. Aguardamos seu contato.<\/p>\t\t\t\t\t\t\t\t<\/div>\n\t\t\t\t<\/div>\n\t\t<div class=\"elementor-element elementor-element-386a198 e-con-full e-flex e-con e-child\" data-id=\"386a198\" data-element_type=\"container\" data-settings=\"{&quot;_ha_eqh_enable&quot;:false}\">\n\t\t\t\t<div class=\"elementor-element elementor-element-83a7fac elementor-widget elementor-widget-image\" data-id=\"83a7fac\" data-element_type=\"widget\" data-widget_type=\"image.default\">\n\t\t\t\t\t\t\t\t\t\t\t\t\t\t\t<img fetchpriority=\"high\" decoding=\"async\" width=\"800\" height=\"534\" src=\"https:\/\/vbtec.com\/wp-content\/uploads\/2023\/05\/pexels-julia-larson-6456305.webp\" class=\"attachment-large size-large wp-image-245829\" alt=\"\" srcset=\"https:\/\/vbtec.com\/wp-content\/uploads\/2023\/05\/pexels-julia-larson-6456305.webp 1000w, https:\/\/vbtec.com\/wp-content\/uploads\/2023\/05\/pexels-julia-larson-6456305-300x200.webp 300w, https:\/\/vbtec.com\/wp-content\/uploads\/2023\/05\/pexels-julia-larson-6456305-768x512.webp 768w, https:\/\/vbtec.com\/wp-content\/uploads\/2023\/05\/pexels-julia-larson-6456305-18x12.webp 18w\" sizes=\"(max-width: 800px) 100vw, 800px\" \/>\t\t\t\t\t\t\t\t\t\t\t\t\t\t\t<\/div>\n\t\t\t\t<\/div>\n\t\t\t\t\t<\/div>\n\t\t\t\t<\/div>\n\t\t<div class=\"elementor-element elementor-element-7876f35 e-flex e-con-boxed e-con e-parent\" data-id=\"7876f35\" data-element_type=\"container\" data-settings=\"{&quot;background_background&quot;:&quot;classic&quot;,&quot;_ha_eqh_enable&quot;:false}\">\n\t\t\t\t\t<div class=\"e-con-inner\">\n\t\t<div class=\"elementor-element elementor-element-148542ad e-con-full e-flex e-con e-child\" data-id=\"148542ad\" data-element_type=\"container\" data-settings=\"{&quot;_ha_eqh_enable&quot;:false}\">\n\t\t\t\t<div class=\"elementor-element elementor-element-48b73602 elementor-widget elementor-widget-heading\" data-id=\"48b73602\" data-element_type=\"widget\" data-widget_type=\"heading.default\">\n\t\t\t\t\t<h2 class=\"elementor-heading-title elementor-size-default\">Vamos come\u00e7ar <br>em contato<\/h2>\t\t\t\t<\/div>\n\t\t\t\t<\/div>\n\t\t<div class=\"elementor-element elementor-element-36fcab4d e-con-full e-flex e-con e-child\" data-id=\"36fcab4d\" data-element_type=\"container\" data-settings=\"{&quot;_ha_eqh_enable&quot;:false}\">\n\t\t\t\t<div class=\"elementor-element elementor-element-40ce15e5 elementor-hidden-mobile elementor-widget elementor-widget-heading\" data-id=\"40ce15e5\" data-element_type=\"widget\" data-widget_type=\"heading.default\">\n\t\t\t\t\t<h3 class=\"elementor-heading-title elementor-size-default\">O primeiro passo em dire\u00e7\u00e3o \u00e0 carreira dos seus sonhos<\/h3>\t\t\t\t<\/div>\n\t\t\t\t<div class=\"elementor-element elementor-element-269a2a8 elementor-widget elementor-widget-html\" data-id=\"269a2a8\" data-element_type=\"widget\" data-widget_type=\"html.default\">\n\t\t\t\t\t<iframe\n  src=\"https:\/\/api.leadconnectorhq.com\/widget\/form\/KyWY6LcQf7MPA4i8cbcX\"\n  style=\"width:100%;height:100%;border:none;border-radius:0px\"\n  id=\"inline-KyWY6LcQf7MPA4i8cbcX\" \n  data-layout=\"{'id':'INLINE'}\"\n  data-trigger-type=\"alwaysShow\"\n  data-trigger-value=\"\"\n  data-activation-type=\"alwaysActivated\"\n  data-activation-value=\"\"\n  data-deactivation-type=\"neverDeactivate\"\n  data-deactivation-value=\"\"\n  data-form-name=\"VBTECUSA.com Form\"\n  data-height=\"600\"\n  data-layout-iframe-id=\"inline-KyWY6LcQf7MPA4i8cbcX\"\n  data-form-id=\"KyWY6LcQf7MPA4i8cbcX\"\n  title=\"Formul\u00e1rio VBTECUSA.com\"\n      >\n<\/iframe>\n<script src=\"https:\/\/link.msgsndr.com\/js\/form_embed.js\"><\/script>\t\t\t\t<\/div>\n\t\t\t\t<\/div>\n\t\t\t\t\t<\/div>\n\t\t\t\t<\/div>\n\t\t\t\t<\/div>","protected":false},"excerpt":{"rendered":"<p>CARREIRAS na VBTec Amplie sua linha de produtos e estabele\u00e7a padr\u00f5es no mercado EMS\/EMA em expans\u00e3o! Interessado em uma carreira para otimizar a sa\u00fade de outras pessoas com a mais avan\u00e7ada tecnologia EMS\/EMA dispon\u00edvel?  Estamos sempre \u00e0 procura de pessoas entusiasmadas, apaixonadas, voltadas para o fitness e o bem-estar.  Preencha o formul\u00e1rio e expresse seu interesse e experi\u00eancia desejados. [...]<\/p>","protected":false},"author":2,"featured_media":0,"parent":261,"menu_order":0,"comment_status":"closed","ping_status":"closed","template":"","meta":{"footnotes":""},"class_list":["post-248605","page","type-page","status-publish","hentry"],"aioseo_notices":[],"_links":{"self":[{"href":"https:\/\/vbtec.com\/pt\/wp-json\/wp\/v2\/pages\/248605","targetHints":{"allow":["GET"]}}],"collection":[{"href":"https:\/\/vbtec.com\/pt\/wp-json\/wp\/v2\/pages"}],"about":[{"href":"https:\/\/vbtec.com\/pt\/wp-json\/wp\/v2\/types\/page"}],"author":[{"embeddable":true,"href":"https:\/\/vbtec.com\/pt\/wp-json\/wp\/v2\/users\/2"}],"replies":[{"embeddable":true,"href":"https:\/\/vbtec.com\/pt\/wp-json\/wp\/v2\/comments?post=248605"}],"version-history":[{"count":3,"href":"https:\/\/vbtec.com\/pt\/wp-json\/wp\/v2\/pages\/248605\/revisions"}],"predecessor-version":[{"id":248972,"href":"https:\/\/vbtec.com\/pt\/wp-json\/wp\/v2\/pages\/248605\/revisions\/248972"}],"up":[{"embeddable":true,"href":"https:\/\/vbtec.com\/pt\/wp-json\/wp\/v2\/pages\/261"}],"wp:attachment":[{"href":"https:\/\/vbtec.com\/pt\/wp-json\/wp\/v2\/media?parent=248605"}],"curies":[{"name":"wp","href":"https:\/\/api.w.org\/{rel}","templated":true}]}}