{"id":244578,"date":"2023-04-25T10:18:15","date_gmt":"2023-04-25T08:18:15","guid":{"rendered":"https:\/\/vbtec.com\/?page_id=244578"},"modified":"2023-07-31T21:32:26","modified_gmt":"2023-07-31T19:32:26","slug":"impressionum-2","status":"publish","type":"page","link":"https:\/\/vbtec.com\/pt\/impressionum-2\/","title":{"rendered":"Suporte"},"content":{"rendered":"<div data-elementor-type=\"wp-page\" data-elementor-id=\"244578\" class=\"elementor elementor-244578\" data-elementor-settings=\"{&quot;ha_cmc_init_switcher&quot;:&quot;no&quot;}\" data-elementor-post-type=\"page\">\n\t\t\t\t<div class=\"elementor-element elementor-element-30ad84d e-con-full e-flex e-con e-parent\" data-id=\"30ad84d\" data-element_type=\"container\" data-settings=\"{&quot;_ha_eqh_enable&quot;:false}\">\n\t\t\t\t<\/div>\n\t\t<div class=\"elementor-element elementor-element-c00c2c9 e-con-full elementor-hidden-mobile e-flex e-con e-parent\" data-id=\"c00c2c9\" data-element_type=\"container\" data-settings=\"{&quot;_ha_eqh_enable&quot;:false}\">\n\t\t\t\t<\/div>\n\t\t\t\t<section class=\"elementor-section elementor-top-section elementor-element elementor-element-ce2e13e elementor-section-height-default elementor-section-boxed elementor-section-height-default\" data-id=\"ce2e13e\" data-element_type=\"section\" data-settings=\"{&quot;background_background&quot;:&quot;slideshow&quot;,&quot;background_slideshow_gallery&quot;:[{&quot;id&quot;:244079,&quot;url&quot;:&quot;https:\\\/\\\/vbtec.com\\\/wp-content\\\/uploads\\\/2023\\\/02\\\/padhand.webp&quot;}],&quot;background_slideshow_loop&quot;:&quot;yes&quot;,&quot;background_slideshow_slide_duration&quot;:5000,&quot;background_slideshow_slide_transition&quot;:&quot;fade&quot;,&quot;background_slideshow_transition_duration&quot;:500,&quot;_ha_eqh_enable&quot;:false}\">\n\t\t\t\t\t\t<div class=\"elementor-container elementor-column-gap-no\">\n\t\t\t\t\t<div class=\"elementor-column elementor-col-33 elementor-inner-column elementor-element elementor-element-cb2279f\" data-id=\"cb2279f\" data-element_type=\"column\" data-settings=\"{&quot;background_background&quot;:&quot;classic&quot;}\">\n\t\t\t<div class=\"elementor-widget-wrap elementor-element-populated\">\n\t\t\t\t\t\t<div class=\"elementor-element elementor-element-e3c886d elementor-widget elementor-widget-text-editor\" data-id=\"e3c886d\" data-element_type=\"widget\" data-widget_type=\"text-editor.default\">\n\t\t\t\t\t\t\t\t\t<p><b>VB<\/b><span style=\"color: #474747;\">TEC<\/span><\/p>\t\t\t\t\t\t\t\t<\/div>\n\t\t\t\t\t<\/div>\n\t\t<\/div>\n\t\t\t\t<div class=\"elementor-column elementor-col-33 elementor-inner-column elementor-element elementor-element-b6e4bf3\" data-id=\"b6e4bf3\" data-element_type=\"column\" data-settings=\"{&quot;background_background&quot;:&quot;classic&quot;}\">\n\t\t\t<div class=\"elementor-widget-wrap elementor-element-populated\">\n\t\t\t\t\t\t<div class=\"elementor-element elementor-element-8ac2cbb elementor-widget elementor-widget-text-editor\" data-id=\"8ac2cbb\" data-element_type=\"widget\" data-widget_type=\"text-editor.default\">\n\t\t\t\t\t\t\t\t\t<p>SUPORTE<\/p>\t\t\t\t\t\t\t\t<\/div>\n\t\t\t\t\t<\/div>\n\t\t<\/div>\n\t\t\t\t<div class=\"elementor-column elementor-col-33 elementor-top-column elementor-element elementor-element-ce12cb5\" data-id=\"ce12cb5\" data-element_type=\"column\">\n\t\t\t<div class=\"elementor-widget-wrap\">\n\t\t\t\t\t\t\t<\/div>\n\t\t<\/div>\n\t\t\t\t\t<\/div>\n\t\t<\/section>\n\t\t\t\t<section class=\"elementor-section elementor-top-section elementor-element elementor-element-5c17814 elementor-section-boxed elementor-section-height-default elementor-section-height-default\" data-id=\"5c17814\" data-element_type=\"section\" data-settings=\"{&quot;_ha_eqh_enable&quot;:false}\">\n\t\t\t\t\t\t<div class=\"elementor-container elementor-column-gap-default\">\n\t\t\t\t\t<div class=\"elementor-column elementor-col-50 elementor-top-column elementor-element elementor-element-f4c8502\" data-id=\"f4c8502\" data-element_type=\"column\">\n\t\t\t<div class=\"elementor-widget-wrap elementor-element-populated\">\n\t\t\t\t\t\t<div class=\"elementor-element elementor-element-d7c0f6f elementor-widget elementor-widget-text-editor\" data-id=\"d7c0f6f\" data-element_type=\"widget\" data-widget_type=\"text-editor.default\">\n\t\t\t\t\t\t\t\t\t<p>Aqui voc\u00ea encontra o link para os aplicativos, o manual e mais informa\u00e7\u00f5es sobre suporte.<\/p>\t\t\t\t\t\t\t\t<\/div>\n\t\t\t\t<div class=\"elementor-element elementor-element-c9bfd5d premium-type-column elementor-widget elementor-widget-premium-icon-list\" data-id=\"c9bfd5d\" data-element_type=\"widget\" data-settings=\"{&quot;rbadges_repeater&quot;:[]}\" data-widget_type=\"premium-icon-list.default\">\n\t\t\t\t\t\t\t\t<ul class=\"premium-bullet-list-box\" data-list-animation=\" animated-\">\n\t\t\n\t\t\t<li class=\"premium-bullet-list-content elementor-repeater-item-dfc656b premium-bullet-list-content-grow-effect\" data-delay=\"0\">\n\t\t\t\t<div class=\"premium-bullet-list-text\">\n\t\t\t\t\t\t\t\t<div class=\"premium-bullet-list-wrapper\">\n\t\t\t\t\t<div class=\"premium-drawable-icon\"><svg class=\"premium-svg-nodraw e-font-icon-svg e-fas-file-pdf\" aria-hidden=\"true\" viewbox=\"0 0 384 512\" xmlns=\"http:\/\/www.w3.org\/2000\/svg\"><path d=\"M181.9 256.1c-5-16-4.9-46.9-2-46.9 8.4 0 7.6 36.9 2 46.9zm-1.7 47.2c-7.7 20.2-17.3 43.3-28.4 62.7 18.3-7 39-17.2 62.9-21.9-12.7-9.6-24.9-23.4-34.5-40.8zM86.1 428.1c0 .8 13.2-5.4 34.9-40.2-6.7 6.3-29.1 24.5-34.9 40.2zM248 160h136v328c0 13.3-10.7 24-24 24H24c-13.3 0-24-10.7-24-24V24C0 10.7 10.7 0 24 0h200v136c0 13.2 10.8 24 24 24zm-8 171.8c-20-12.2-33.3-29-42.7-53.8 4.5-18.5 11.6-46.6 6.2-64.2-4.7-29.4-42.4-26.5-47.8-6.8-5 18.3-.4 44.1 8.1 77-11.6 27.6-28.7 64.6-40.8 85.8-.1 0-.1.1-.2.1-27.1 13.9-73.6 44.5-54.5 68 5.6 6.9 16 10 21.5 10 17.9 0 35.7-18 61.1-61.8 25.8-8.5 54.1-19.1 79-23.2 21.7 11.8 47.1 19.5 64 19.5 29.2 0 31.2-32 19.7-43.4-13.9-13.6-54.3-9.7-73.6-7.2zM377 105L279 7c-4.5-4.5-10.6-7-17-7h-6v128h128v-6.1c0-6.3-2.5-12.4-7-16.9zm-74.1 255.3c4.1-2.7-2.5-11.9-42.8-9 37.1 15.8 42.8 9 42.8 9z\"><\/path><\/svg><\/div>\t\t\t\t<\/div>\n\t\t\t\t\n\t\t\t\t<span   data-text=\"Download Visionbody manual (english)\"> Download do manual do Visionbody (ingl\u00eas) <\/span>\n\t\t\t\t<\/div>\n\n\t\t\t\t\n\t\t\t\t\t\t\t\t\t<a class=\"premium-bullet-list-link\" aria-label=\"Download do manual do Visionbody (ingl\u00eas)\" href=\"https:\/\/cli.re\/Training_manual_Personal_System_eng\" target=\"_blank\">\n\t\t\t\t\t\t<span>Download do manual do Visionbody (ingl\u00eas)<\/span>\n\t\t\t\t\t<\/a>\n\t\t\t\t\n\t\t\t<\/li>\n\n\t\t\t\t\t\t\t\t\t\t<div class=\"premium-bullet-list-divider\"><\/div>\n\t\t\t\t\t\n\t\t\t<li class=\"premium-bullet-list-content elementor-repeater-item-d7e241f premium-bullet-list-content-grow-effect\" data-delay=\"0\">\n\t\t\t\t<div class=\"premium-bullet-list-text\">\n\t\t\t\t\t\t\t\t<div class=\"premium-bullet-list-wrapper\">\n\t\t\t\t\t<div class=\"premium-drawable-icon\"><svg class=\"premium-svg-nodraw e-font-icon-svg e-fab-youtube\" aria-hidden=\"true\" viewbox=\"0 0 576 512\" xmlns=\"http:\/\/www.w3.org\/2000\/svg\"><path d=\"M549.655 124.083c-6.281-23.65-24.787-42.276-48.284-48.597C458.781 64 288 64 288 64S117.22 64 74.629 75.486c-23.497 6.322-42.003 24.947-48.284 48.597-11.412 42.867-11.412 132.305-11.412 132.305s0 89.438 11.412 132.305c6.281 23.65 24.787 41.5 48.284 47.821C117.22 448 288 448 288 448s170.78 0 213.371-11.486c23.497-6.321 42.003-24.171 48.284-47.821 11.412-42.867 11.412-132.305 11.412-132.305s0-89.438-11.412-132.305zm-317.51 213.508V175.185l142.739 81.205-142.739 81.201z\"><\/path><\/svg><\/div>\t\t\t\t<\/div>\n\t\t\t\t\n\t\t\t\t<span   data-text=\"Youtube channel with training videos\"> Canal do YouTube com v\u00eddeos de treinamento <\/span>\n\t\t\t\t<\/div>\n\n\t\t\t\t\n\t\t\t\t\t\t\t\t\t<a class=\"premium-bullet-list-link\" aria-label=\"Canal do YouTube com v\u00eddeos de treinamento\" href=\"http:\/\/cli.re\/vb-academy\" target=\"_blank\">\n\t\t\t\t\t\t<span>Canal do YouTube com v\u00eddeos de treinamento<\/span>\n\t\t\t\t\t<\/a>\n\t\t\t\t\n\t\t\t<\/li>\n\n\t\t\t\t\t\t\t\t\t\t<div class=\"premium-bullet-list-divider premium-bullet-list-divider\"><\/div>\n\t\t\t\t\t\n\t\t\t<li class=\"premium-bullet-list-content elementor-repeater-item-09f0fcc premium-bullet-list-content-grow-effect\" data-delay=\"0\">\n\t\t\t\t<div class=\"premium-bullet-list-text\">\n\t\t\t\t\t\t\t\t<div class=\"premium-bullet-list-wrapper\">\n\t\t\t\t\t<div class=\"premium-drawable-icon\"><svg class=\"premium-svg-nodraw e-font-icon-svg e-fab-app-store-ios\" aria-hidden=\"true\" viewbox=\"0 0 448 512\" xmlns=\"http:\/\/www.w3.org\/2000\/svg\"><path d=\"M400 32H48C21.5 32 0 53.5 0 80v352c0 26.5 21.5 48 48 48h352c26.5 0 48-21.5 48-48V80c0-26.5-21.5-48-48-48zM127 384.5c-5.5 9.6-17.8 12.8-27.3 7.3-9.6-5.5-12.8-17.8-7.3-27.3l14.3-24.7c16.1-4.9 29.3-1.1 39.6 11.4L127 384.5zm138.9-53.9H84c-11 0-20-9-20-20s9-20 20-20h51l65.4-113.2-20.5-35.4c-5.5-9.6-2.2-21.8 7.3-27.3 9.6-5.5 21.8-2.2 27.3 7.3l8.9 15.4 8.9-15.4c5.5-9.6 17.8-12.8 27.3-7.3 9.6 5.5 12.8 17.8 7.3 27.3l-85.8 148.6h62.1c20.2 0 31.5 23.7 22.7 40zm98.1 0h-29l19.6 33.9c5.5 9.6 2.2 21.8-7.3 27.3-9.6 5.5-21.8 2.2-27.3-7.3-32.9-56.9-57.5-99.7-74-128.1-16.7-29-4.8-58 7.1-67.8 13.1 22.7 32.7 56.7 58.9 102h52c11 0 20 9 20 20 0 11.1-9 20-20 20z\"><\/path><\/svg><\/div>\t\t\t\t<\/div>\n\t\t\t\t\n\t\t\t\t<span   data-text=\"Visionbody PRO App\"> Aplicativo Visionbody PRO <\/span>\n\t\t\t\t<\/div>\n\n\t\t\t\t\n\t\t\t\t\t\t\t\t\t<a class=\"premium-bullet-list-link\" aria-label=\"Aplicativo Visionbody PRO\" href=\"https:\/\/apps.apple.com\/de\/app\/visionbody-professional\/id1325021350\" target=\"_blank\">\n\t\t\t\t\t\t<span>Aplicativo Visionbody PRO<\/span>\n\t\t\t\t\t<\/a>\n\t\t\t\t\n\t\t\t<\/li>\n\n\t\t\t\t\t\t\t\t\t\t<div class=\"premium-bullet-list-divider premium-bullet-list-divider premium-bullet-list-divider\"><\/div>\n\t\t\t\t\t\n\t\t\t<li class=\"premium-bullet-list-content elementor-repeater-item-0e4b88b premium-bullet-list-content-grow-effect\" data-delay=\"0\">\n\t\t\t\t<div class=\"premium-bullet-list-text\">\n\t\t\t\t\t\t\t\t<div class=\"premium-bullet-list-wrapper\">\n\t\t\t\t\t<div class=\"premium-drawable-icon\"><svg class=\"premium-svg-nodraw e-font-icon-svg e-fab-app-store-ios\" aria-hidden=\"true\" viewbox=\"0 0 448 512\" xmlns=\"http:\/\/www.w3.org\/2000\/svg\"><path d=\"M400 32H48C21.5 32 0 53.5 0 80v352c0 26.5 21.5 48 48 48h352c26.5 0 48-21.5 48-48V80c0-26.5-21.5-48-48-48zM127 384.5c-5.5 9.6-17.8 12.8-27.3 7.3-9.6-5.5-12.8-17.8-7.3-27.3l14.3-24.7c16.1-4.9 29.3-1.1 39.6 11.4L127 384.5zm138.9-53.9H84c-11 0-20-9-20-20s9-20 20-20h51l65.4-113.2-20.5-35.4c-5.5-9.6-2.2-21.8 7.3-27.3 9.6-5.5 21.8-2.2 27.3 7.3l8.9 15.4 8.9-15.4c5.5-9.6 17.8-12.8 27.3-7.3 9.6 5.5 12.8 17.8 7.3 27.3l-85.8 148.6h62.1c20.2 0 31.5 23.7 22.7 40zm98.1 0h-29l19.6 33.9c5.5 9.6 2.2 21.8-7.3 27.3-9.6 5.5-21.8 2.2-27.3-7.3-32.9-56.9-57.5-99.7-74-128.1-16.7-29-4.8-58 7.1-67.8 13.1 22.7 32.7 56.7 58.9 102h52c11 0 20 9 20 20 0 11.1-9 20-20 20z\"><\/path><\/svg><\/div>\t\t\t\t<\/div>\n\t\t\t\t\n\t\t\t\t<span   data-text=\"myVisionbody App (Home)\"> Aplicativo myVisionbody (P\u00e1gina inicial) <\/span>\n\t\t\t\t<\/div>\n\n\t\t\t\t\n\t\t\t\t\t\t\t\t\t<a class=\"premium-bullet-list-link\" aria-label=\"Aplicativo myVisionbody (P\u00e1gina inicial)\" href=\"https:\/\/apps.apple.com\/de\/app\/myvisionbody\/id1418522357\" target=\"_blank\">\n\t\t\t\t\t\t<span>Aplicativo myVisionbody (P\u00e1gina inicial)<\/span>\n\t\t\t\t\t<\/a>\n\t\t\t\t\n\t\t\t<\/li>\n\n\t\t\t\t\t\t\t\t\t\t<div class=\"premium-bullet-list-divider premium-bullet-list-divider premium-bullet-list-divider premium-bullet-list-divider\"><\/div>\n\t\t\t\t\t\t\t<\/ul>\n\t\t\t\t\t\t<\/div>\n\t\t\t\t\t<\/div>\n\t\t<\/div>\n\t\t\t\t<div class=\"elementor-column elementor-col-50 elementor-top-column elementor-element elementor-element-3f5c4e4\" data-id=\"3f5c4e4\" data-element_type=\"column\">\n\t\t\t<div class=\"elementor-widget-wrap elementor-element-populated\">\n\t\t\t\t\t\t<div class=\"elementor-element elementor-element-293913b elementor-widget elementor-widget-image\" data-id=\"293913b\" data-element_type=\"widget\" data-widget_type=\"image.default\">\n\t\t\t\t\t\t\t\t\t\t\t\t\t\t\t<img fetchpriority=\"high\" decoding=\"async\" width=\"300\" height=\"191\" src=\"https:\/\/vbtec.com\/wp-content\/uploads\/2023\/04\/ipad-pro-isometric-left-300x191.png\" class=\"attachment-medium size-medium wp-image-244584\" alt=\"\" srcset=\"https:\/\/vbtec.com\/wp-content\/uploads\/2023\/04\/ipad-pro-isometric-left-300x191.png 300w, https:\/\/vbtec.com\/wp-content\/uploads\/2023\/04\/ipad-pro-isometric-left-768x488.png 768w, https:\/\/vbtec.com\/wp-content\/uploads\/2023\/04\/ipad-pro-isometric-left-18x12.png 18w, https:\/\/vbtec.com\/wp-content\/uploads\/2023\/04\/ipad-pro-isometric-left.png 800w\" sizes=\"(max-width: 300px) 100vw, 300px\" title=\"ipad-pro-isometric-left.png - VBTec\" \/>\t\t\t\t\t\t\t\t\t\t\t\t\t\t\t<\/div>\n\t\t\t\t\t<\/div>\n\t\t<\/div>\n\t\t\t\t\t<\/div>\n\t\t<\/section>\n\t\t\t\t<section class=\"elementor-section elementor-top-section elementor-element elementor-element-70d3261 elementor-section-boxed elementor-section-height-default elementor-section-height-default\" data-id=\"70d3261\" data-element_type=\"section\" data-settings=\"{&quot;_ha_eqh_enable&quot;:false}\">\n\t\t\t\t\t\t<div class=\"elementor-container elementor-column-gap-default\">\n\t\t\t\t\t<div class=\"elementor-column elementor-col-100 elementor-top-column elementor-element elementor-element-ced1b8e\" data-id=\"ced1b8e\" data-element_type=\"column\">\n\t\t\t<div class=\"elementor-widget-wrap elementor-element-populated\">\n\t\t\t\t\t\t<div class=\"elementor-element elementor-element-5f528dc elementor-widget elementor-widget-text-editor\" data-id=\"5f528dc\" data-element_type=\"widget\" data-widget_type=\"text-editor.default\">\n\t\t\t\t\t\t\t\t\t<p><b>Suporte t\u00e9cnico<br \/><\/b>Nosso suporte est\u00e1 dispon\u00edvel de segunda a sexta-feira:<\/p>\t\t\t\t\t\t\t\t<\/div>\n\t\t\t\t<div class=\"elementor-element elementor-element-fb68a6d premium-type-column elementor-widget elementor-widget-premium-icon-list\" data-id=\"fb68a6d\" data-element_type=\"widget\" data-settings=\"{&quot;premium_icon_list_animation&quot;:&quot;none&quot;,&quot;premium_icon_list_animation_delay&quot;:0,&quot;rbadges_repeater&quot;:[]}\" data-widget_type=\"premium-icon-list.default\">\n\t\t\t\t\t\t\t\t<ul class=\"premium-bullet-list-box\" data-list-animation=\"none animated-\">\n\t\t\n\t\t\t<li class=\"premium-bullet-list-content elementor-repeater-item-eb0395d premium-bullet-list-content-grow-effect\" data-delay=\"0\">\n\t\t\t\t<div class=\"premium-bullet-list-text\">\n\t\t\t\t\t\t\t\t<div class=\"premium-bullet-list-wrapper\">\n\t\t\t\t\t<div class=\"premium-drawable-icon\"><svg class=\"premium-svg-nodraw e-font-icon-svg e-fas-envelope-square\" aria-hidden=\"true\" viewbox=\"0 0 448 512\" xmlns=\"http:\/\/www.w3.org\/2000\/svg\"><path d=\"M400 32H48C21.49 32 0 53.49 0 80v352c0 26.51 21.49 48 48 48h352c26.51 0 48-21.49 48-48V80c0-26.51-21.49-48-48-48zM178.117 262.104C87.429 196.287 88.353 196.121 64 177.167V152c0-13.255 10.745-24 24-24h272c13.255 0 24 10.745 24 24v25.167c-24.371 18.969-23.434 19.124-114.117 84.938-10.5 7.655-31.392 26.12-45.883 25.894-14.503.218-35.367-18.227-45.883-25.895zM384 217.775V360c0 13.255-10.745 24-24 24H88c-13.255 0-24-10.745-24-24V217.775c13.958 10.794 33.329 25.236 95.303 70.214 14.162 10.341 37.975 32.145 64.694 32.01 26.887.134 51.037-22.041 64.72-32.025 61.958-44.965 81.325-59.406 95.283-70.199z\"><\/path><\/svg><\/div>\t\t\t\t<\/div>\n\t\t\t\t\n\t\t\t\t<span   data-text=\"via E-Mail to: support@vision-body.com\"> Via e-mail para: support@vision-body.com <\/span>\n\t\t\t\t<\/div>\n\n\t\t\t\t\n\t\t\t\t\t\t\t\t\t<a class=\"premium-bullet-list-link\" aria-label=\"Via e-mail para: support@vision-body.com\" href=\"mailto:support@vision-body.com\" target=\"_blank\">\n\t\t\t\t\t\t<span>Via e-mail para: support@vision-body.com<\/span>\n\t\t\t\t\t<\/a>\n\t\t\t\t\n\t\t\t<\/li>\n\n\t\t\t\t\t\t\t\t\t\t<div class=\"premium-bullet-list-divider\"><\/div>\n\t\t\t\t\t\t\t<\/ul>\n\t\t\t\t\t\t<\/div>\n\t\t\t\t\t<\/div>\n\t\t<\/div>\n\t\t\t\t\t<\/div>\n\t\t<\/section>\n\t\t\t\t<\/div>","protected":false},"excerpt":{"rendered":"<p>SUPORTE VBTEC Aqui voc\u00ea pode encontrar o link para os aplicativos, o manual e mais informa\u00e7\u00f5es sobre suporte. Download do manual do Visionbody (ingl\u00eas) Download do manual do Visionbody (ingl\u00eas) Canal do Youtube com v\u00eddeos de treinamento Canal do Youtube com v\u00eddeos de treinamento Aplicativo Visionbody PRO Aplicativo Visionbody PRO Aplicativo myVisionbody (Home) Aplicativo myVisionbody (Home) Suporte t\u00e9cnicoNosso suporte est\u00e1 dispon\u00edvel de segunda a sexta-feira: via [...]<\/p>","protected":false},"author":2,"featured_media":0,"parent":0,"menu_order":15,"comment_status":"closed","ping_status":"closed","template":"","meta":{"footnotes":""},"class_list":["post-244578","page","type-page","status-publish","hentry"],"aioseo_notices":[],"_links":{"self":[{"href":"https:\/\/vbtec.com\/pt\/wp-json\/wp\/v2\/pages\/244578","targetHints":{"allow":["GET"]}}],"collection":[{"href":"https:\/\/vbtec.com\/pt\/wp-json\/wp\/v2\/pages"}],"about":[{"href":"https:\/\/vbtec.com\/pt\/wp-json\/wp\/v2\/types\/page"}],"author":[{"embeddable":true,"href":"https:\/\/vbtec.com\/pt\/wp-json\/wp\/v2\/users\/2"}],"replies":[{"embeddable":true,"href":"https:\/\/vbtec.com\/pt\/wp-json\/wp\/v2\/comments?post=244578"}],"version-history":[{"count":3,"href":"https:\/\/vbtec.com\/pt\/wp-json\/wp\/v2\/pages\/244578\/revisions"}],"predecessor-version":[{"id":246584,"href":"https:\/\/vbtec.com\/pt\/wp-json\/wp\/v2\/pages\/244578\/revisions\/246584"}],"wp:attachment":[{"href":"https:\/\/vbtec.com\/pt\/wp-json\/wp\/v2\/media?parent=244578"}],"curies":[{"name":"wp","href":"https:\/\/api.w.org\/{rel}","templated":true}]}}