{"id":244275,"date":"2023-02-22T14:16:07","date_gmt":"2023-02-22T13:16:07","guid":{"rendered":"https:\/\/vbtec.com\/?page_id=244275"},"modified":"2023-07-31T21:25:44","modified_gmt":"2023-07-31T19:25:44","slug":"contact2","status":"publish","type":"page","link":"https:\/\/vbtec.com\/fr\/contact2\/","title":{"rendered":"Contact2"},"content":{"rendered":"<div data-elementor-type=\"wp-page\" data-elementor-id=\"244275\" class=\"elementor elementor-244275\" data-elementor-settings=\"{&quot;ha_cmc_init_switcher&quot;:&quot;no&quot;}\" data-elementor-post-type=\"page\">\n\t\t\t\t<div class=\"elementor-element elementor-element-27c321f e-con-full e-flex e-con e-parent\" data-id=\"27c321f\" data-element_type=\"container\" data-settings=\"{&quot;_ha_eqh_enable&quot;:false}\">\n\t\t\t\t<\/div>\n\t\t<div class=\"elementor-element elementor-element-21bf06a e-con-full e-flex e-con e-parent\" data-id=\"21bf06a\" data-element_type=\"container\" data-settings=\"{&quot;_ha_eqh_enable&quot;:false}\">\n\t\t\t\t<\/div>\n\t\t\t\t<section class=\"elementor-section elementor-top-section elementor-element elementor-element-8c4a4cd elementor-section-boxed elementor-section-height-default elementor-section-height-default\" data-id=\"8c4a4cd\" data-element_type=\"section\" data-settings=\"{&quot;background_background&quot;:&quot;slideshow&quot;,&quot;background_slideshow_gallery&quot;:[{&quot;id&quot;:547,&quot;url&quot;:&quot;https:\\\/\\\/vbtec.com\\\/wp-content\\\/uploads\\\/2023\\\/01\\\/videoscreen-1.webp&quot;}],&quot;background_slideshow_loop&quot;:&quot;yes&quot;,&quot;background_slideshow_slide_duration&quot;:5000,&quot;background_slideshow_slide_transition&quot;:&quot;fade&quot;,&quot;background_slideshow_transition_duration&quot;:500,&quot;_ha_eqh_enable&quot;:false}\">\n\t\t\t\t\t\t\t<div class=\"elementor-background-overlay\"><\/div>\n\t\t\t\t\t\t\t<div class=\"elementor-container elementor-column-gap-default\">\n\t\t\t\t\t<div class=\"elementor-column elementor-col-100 elementor-top-column elementor-element elementor-element-06115b6\" data-id=\"06115b6\" data-element_type=\"column\">\n\t\t\t<div class=\"elementor-widget-wrap elementor-element-populated\">\n\t\t\t\t\t\t<div class=\"elementor-element elementor-element-939ace6 elementor-widget elementor-widget-heading\" data-id=\"939ace6\" data-element_type=\"widget\" data-widget_type=\"heading.default\">\n\t\t\t\t\t<h2 class=\"elementor-heading-title elementor-size-default\"><b>Merci d'avoir envoy\u00e9 votre formulaire ! <\/b><br><br>Nous vous remercions d'avoir pris le temps de nous contacter. <br>Un repr\u00e9sentant de notre \u00e9quipe prendra contact avec vous dans les plus brefs d\u00e9lais.<\/h2>\t\t\t\t<\/div>\n\t\t\t\t\t<\/div>\n\t\t<\/div>\n\t\t\t\t\t<\/div>\n\t\t<\/section>\n\t\t\t\t<\/div>","protected":false},"excerpt":{"rendered":"<p>Merci d'avoir envoy\u00e9 votre formulaire ! Nous vous remercions d'avoir pris le temps de nous contacter. Un repr\u00e9sentant de notre \u00e9quipe prendra contact avec vous dans les plus brefs d\u00e9lais.<\/p>","protected":false},"author":2,"featured_media":0,"parent":0,"menu_order":14,"comment_status":"closed","ping_status":"closed","template":"","meta":{"footnotes":""},"class_list":["post-244275","page","type-page","status-publish","hentry"],"aioseo_notices":[],"_links":{"self":[{"href":"https:\/\/vbtec.com\/fr\/wp-json\/wp\/v2\/pages\/244275","targetHints":{"allow":["GET"]}}],"collection":[{"href":"https:\/\/vbtec.com\/fr\/wp-json\/wp\/v2\/pages"}],"about":[{"href":"https:\/\/vbtec.com\/fr\/wp-json\/wp\/v2\/types\/page"}],"author":[{"embeddable":true,"href":"https:\/\/vbtec.com\/fr\/wp-json\/wp\/v2\/users\/2"}],"replies":[{"embeddable":true,"href":"https:\/\/vbtec.com\/fr\/wp-json\/wp\/v2\/comments?post=244275"}],"version-history":[{"count":3,"href":"https:\/\/vbtec.com\/fr\/wp-json\/wp\/v2\/pages\/244275\/revisions"}],"predecessor-version":[{"id":246580,"href":"https:\/\/vbtec.com\/fr\/wp-json\/wp\/v2\/pages\/244275\/revisions\/246580"}],"wp:attachment":[{"href":"https:\/\/vbtec.com\/fr\/wp-json\/wp\/v2\/media?parent=244275"}],"curies":[{"name":"wp","href":"https:\/\/api.w.org\/{rel}","templated":true}]}}