{"id":249137,"date":"2024-12-16T13:37:22","date_gmt":"2024-12-16T12:37:22","guid":{"rendered":"https:\/\/vbtec.com\/?page_id=249137"},"modified":"2025-01-15T13:46:51","modified_gmt":"2025-01-15T12:46:51","slug":"potenciador-del-entrenamiento-del-musculo-soleo","status":"publish","type":"page","link":"https:\/\/vbtec.com\/es\/potenciador-del-entrenamiento-del-musculo-soleo\/","title":{"rendered":"Potenciador del entrenamiento muscular del s\u00f3leo"},"content":{"rendered":"<div data-elementor-type=\"wp-page\" data-elementor-id=\"249137\" class=\"elementor elementor-249137\" data-elementor-settings=\"{&quot;ha_cmc_init_switcher&quot;:&quot;no&quot;}\" data-elementor-post-type=\"page\">\n\t\t\t\t<div class=\"elementor-element elementor-element-6648646e e-con-full e-flex e-con e-parent\" data-id=\"6648646e\" data-element_type=\"container\" data-settings=\"{&quot;_ha_eqh_enable&quot;:false}\">\n\t\t\t\t<\/div>\n\t\t<div class=\"elementor-element elementor-element-369391 e-con-full e-flex e-con e-parent\" data-id=\"369391\" data-element_type=\"container\" data-settings=\"{&quot;_ha_eqh_enable&quot;:false}\">\n\t\t\t\t<\/div>\n\t\t\t\t<section class=\"elementor-section elementor-top-section elementor-element elementor-element-23806ff7 elementor-section-height-min-height elementor-section-content-middle elementor-section-boxed elementor-section-height-default elementor-section-items-middle\" data-id=\"23806ff7\" data-element_type=\"section\" data-settings=\"{&quot;background_background&quot;:&quot;slideshow&quot;,&quot;background_slideshow_gallery&quot;:[{&quot;id&quot;:249140,&quot;url&quot;:&quot;https:\\\/\\\/vbtec.com\\\/wp-content\\\/uploads\\\/2024\\\/12\\\/freepik__candid-image-photography-natural-textures-highly-r__14430.webp&quot;}],&quot;background_slideshow_transition_duration&quot;:2000,&quot;background_slideshow_ken_burns&quot;:&quot;yes&quot;,&quot;background_slideshow_loop&quot;:&quot;yes&quot;,&quot;background_slideshow_slide_duration&quot;:5000,&quot;background_slideshow_slide_transition&quot;:&quot;fade&quot;,&quot;background_slideshow_ken_burns_zoom_direction&quot;:&quot;in&quot;,&quot;_ha_eqh_enable&quot;:false}\">\n\t\t\t\t\t\t\t<div class=\"elementor-background-overlay\"><\/div>\n\t\t\t\t\t\t\t<div class=\"elementor-container elementor-column-gap-default\">\n\t\t\t\t\t<div class=\"elementor-column elementor-col-100 elementor-top-column elementor-element elementor-element-51e41fab\" data-id=\"51e41fab\" data-element_type=\"column\">\n\t\t\t<div class=\"elementor-widget-wrap elementor-element-populated\">\n\t\t\t\t\t\t<div class=\"elementor-element elementor-element-1460fa5d premium-header-inline elementor-widget elementor-widget-premium-addon-dual-header\" data-id=\"1460fa5d\" data-element_type=\"widget\" data-widget_type=\"premium-addon-dual-header.default\">\n\t\t\t\t<div class=\"elementor-widget-container\">\n\t\t\t\t\t\n\t\t\t\t\t<h1 class=\"premium-dual-header-first-header\"><span class=\"premium-dual-header-first-span\">VISIONBODY <\/span><span class=\"premium-dual-header-second-header\">Refuerzo del entrenamiento del s\u00f3leo<\/span><\/h1> \t\t\n\t\t\t\t\t\t<\/div>\n\t\t\t\t<\/div>\n\t\t\t\t<div class=\"elementor-element elementor-element-2416e9c9 elementor-widget elementor-widget-heading\" data-id=\"2416e9c9\" data-element_type=\"widget\" data-widget_type=\"heading.default\">\n\t\t\t\t\t<h2 class=\"elementor-heading-title elementor-size-default\">Aumente su metabolismo con el entrenamiento del s\u00f3leo, ahora mejorado con la tecnolog\u00eda Visionbody<\/h2>\t\t\t\t<\/div>\n\t\t\t\t\t<\/div>\n\t\t<\/div>\n\t\t\t\t\t<\/div>\n\t\t<\/section>\n\t\t\t\t<section class=\"elementor-section elementor-top-section elementor-element elementor-element-45136f72 elementor-section-boxed elementor-section-height-default elementor-section-height-default\" data-id=\"45136f72\" data-element_type=\"section\" data-settings=\"{&quot;background_background&quot;:&quot;classic&quot;,&quot;_ha_eqh_enable&quot;:false}\">\n\t\t\t\t\t\t<div class=\"elementor-container elementor-column-gap-default\">\n\t\t\t\t\t<div class=\"elementor-column elementor-col-100 elementor-top-column elementor-element elementor-element-3e8c8f77\" data-id=\"3e8c8f77\" data-element_type=\"column\">\n\t\t\t<div class=\"elementor-widget-wrap elementor-element-populated\">\n\t\t\t\t\t\t<div class=\"elementor-element elementor-element-b30b369 elementor-invisible elementor-widget elementor-widget-text-editor\" data-id=\"b30b369\" data-element_type=\"widget\" data-settings=\"{&quot;_animation&quot;:&quot;fadeInUp&quot;}\" data-widget_type=\"text-editor.default\">\n\t\t\t\t\t\t\t\t\t<p><b>Revolucione su salud con la activaci\u00f3n del s\u00f3leo<\/b><\/p><p>En <b>m\u00fasculo s\u00f3leo<\/b>localizado en las pantorrillas, ha sido identificado como un \"<b>m\u00fasculo milagroso<\/b>\"por investigadores de la Universidad de Houston. A pesar de que s\u00f3lo representa el 1% de tu peso corporal, este peque\u00f1o pero poderoso m\u00fasculo utiliza el az\u00facar y las grasas de la sangre como combustible, optimizando el metabolismo y ayudando a prevenir enfermedades comunes como la diabetes, la hipertensi\u00f3n y la obesidad. <br \/><b>A diferencia de otros m\u00fasculos, el s\u00f3leo puede mantener un metabolismo oxidativo elevado durante horas, incluso estando sentado.<\/b><\/p>\t\t\t\t\t\t\t\t<\/div>\n\t\t\t\t\t<\/div>\n\t\t<\/div>\n\t\t\t\t\t<\/div>\n\t\t<\/section>\n\t\t\t\t<section class=\"elementor-section elementor-top-section elementor-element elementor-element-e49e68b elementor-section-full_width elementor-reverse-mobile elementor-section-height-default elementor-section-height-default\" data-id=\"e49e68b\" data-element_type=\"section\" data-settings=\"{&quot;background_background&quot;:&quot;classic&quot;,&quot;_ha_eqh_enable&quot;:false}\">\n\t\t\t\t\t\t<div class=\"elementor-container elementor-column-gap-no\">\n\t\t\t\t\t<div class=\"elementor-column elementor-col-50 elementor-top-column elementor-element elementor-element-31694dbf\" data-id=\"31694dbf\" data-element_type=\"column\" data-settings=\"{&quot;background_background&quot;:&quot;classic&quot;}\">\n\t\t\t<div class=\"elementor-widget-wrap elementor-element-populated\">\n\t\t\t\t\t<div class=\"elementor-background-overlay\"><\/div>\n\t\t\t\t\t\t<section class=\"elementor-section elementor-inner-section elementor-element elementor-element-38335b4f elementor-section-boxed elementor-section-height-default elementor-section-height-default\" data-id=\"38335b4f\" data-element_type=\"section\" data-settings=\"{&quot;_ha_eqh_enable&quot;:false}\">\n\t\t\t\t\t\t<div class=\"elementor-container elementor-column-gap-default\">\n\t\t\t\t\t<div class=\"elementor-column elementor-col-100 elementor-inner-column elementor-element elementor-element-127b3554\" data-id=\"127b3554\" data-element_type=\"column\">\n\t\t\t<div class=\"elementor-widget-wrap elementor-element-populated\">\n\t\t\t\t\t\t<div class=\"elementor-element elementor-element-da6b3d1 elementor-widget elementor-widget-spacer\" data-id=\"da6b3d1\" data-element_type=\"widget\" data-widget_type=\"spacer.default\">\n\t\t\t\t\t\t\t<div class=\"elementor-spacer\">\n\t\t\t<div class=\"elementor-spacer-inner\"><\/div>\n\t\t<\/div>\n\t\t\t\t\t\t<\/div>\n\t\t\t\t<div class=\"elementor-element elementor-element-556c4378 elementor-vertical-align-top elementor-widget elementor-widget-icon-box\" data-id=\"556c4378\" data-element_type=\"widget\" data-widget_type=\"icon-box.default\">\n\t\t\t\t\t\t\t<div class=\"elementor-icon-box-wrapper\">\n\n\t\t\t\n\t\t\t\t\t\t<div class=\"elementor-icon-box-content\">\n\n\t\t\t\t\t\t\t\t\t<h5 class=\"elementor-icon-box-title\">\n\t\t\t\t\t\t<span  >\n\t\t\t\t\t\t\tLa ventaja de Visionbody EMS\t\t\t\t\t\t<\/span>\n\t\t\t\t\t<\/h5>\n\t\t\t\t\n\t\t\t\t\t\t\t\t\t<p class=\"elementor-icon-box-description\">\n\t\t\t\t\t\t<br>Nuestra <b>Traje Visionbody EMS de 12 canales<\/b> lleva el entrenamiento del s\u00f3leo al siguiente nivel. Con electrodos integrados <b>colocados directamente sobre las pantorrillas<\/b>El traje Visionbody EMS estimula el m\u00fasculo s\u00f3leo sin esfuerzo, lo que permite una activaci\u00f3n \u00f3ptima durante los entrenamientos o incluso en reposo. Esta tecnolog\u00eda \u00fanica permite el consumo de energ\u00eda espec\u00edfica y la mejora de la quema de grasa, ofreciendo beneficios tales como:\t\t\t\t\t<\/p>\n\t\t\t\t\n\t\t\t<\/div>\n\t\t\t\n\t\t<\/div>\n\t\t\t\t\t\t<\/div>\n\t\t\t\t<div class=\"elementor-element elementor-element-ef31325 premium-type-column elementor-widget elementor-widget-premium-icon-list\" data-id=\"ef31325\" data-element_type=\"widget\" data-settings=\"{&quot;premium_icon_list_animation&quot;:&quot;slideInRight&quot;,&quot;rbadges_repeater&quot;:[],&quot;premium_icon_list_animation_delay&quot;:0}\" data-widget_type=\"premium-icon-list.default\">\n\t\t\t\t\t\t\t\t<ul class=\"premium-bullet-list-box\" data-list-animation=\"slideInRight animated-\">\n\t\t\n\t\t\t<li class=\"premium-bullet-list-content elementor-repeater-item-a06091b\" data-delay=\"0\">\n\t\t\t\t<div class=\"premium-bullet-list-text\">\n\t\t\t\t\t\t\t\t<div class=\"premium-bullet-list-wrapper\">\n\t\t\t\t\t<div class=\"premium-drawable-icon\"><i class=\"premium-svg-nodraw huge huge-checkmark-square-03\" aria-hidden=\"true\"><\/i><\/div>\t\t\t\t<\/div>\n\t\t\t\t\n\t\t\t\t<span   data-text=\"Increased metabolic rate\"> Aumento de la tasa metab\u00f3lica <\/span>\n\t\t\t\t<\/div>\n\n\t\t\t\t\n\t\t\t\t\n\t\t\t<\/li>\n\n\t\t\t\t\n\t\t\t<li class=\"premium-bullet-list-content elementor-repeater-item-559d4b2\" data-delay=\"0\">\n\t\t\t\t<div class=\"premium-bullet-list-text\">\n\t\t\t\t\t\t\t\t<div class=\"premium-bullet-list-wrapper\">\n\t\t\t\t\t<div class=\"premium-drawable-icon\"><i class=\"premium-svg-nodraw huge huge-checkmark-square-03\" aria-hidden=\"true\"><\/i><\/div>\t\t\t\t<\/div>\n\t\t\t\t\n\t\t\t\t<span   data-text=\"Enhanced fat utilization\"> Mayor aprovechamiento de las grasas <\/span>\n\t\t\t\t<\/div>\n\n\t\t\t\t\n\t\t\t\t\n\t\t\t<\/li>\n\n\t\t\t\t\n\t\t\t<li class=\"premium-bullet-list-content elementor-repeater-item-c8036dc\" data-delay=\"0\">\n\t\t\t\t<div class=\"premium-bullet-list-text\">\n\t\t\t\t\t\t\t\t<div class=\"premium-bullet-list-wrapper\">\n\t\t\t\t\t<div class=\"premium-drawable-icon\"><i class=\"premium-svg-nodraw huge huge-checkmark-square-03\" aria-hidden=\"true\"><\/i><\/div>\t\t\t\t<\/div>\n\t\t\t\t\n\t\t\t\t<span   data-text=\"Improved cardiovascular health\"> Mejora de la salud cardiovascular <\/span>\n\t\t\t\t<\/div>\n\n\t\t\t\t\n\t\t\t\t\n\t\t\t<\/li>\n\n\t\t\t\t\t\t<\/ul>\n\t\t\t\t\t\t<\/div>\n\t\t\t\t\t<\/div>\n\t\t<\/div>\n\t\t\t\t\t<\/div>\n\t\t<\/section>\n\t\t\t\t<div class=\"elementor-element elementor-element-18bceb44 elementor-widget elementor-widget-spacer\" data-id=\"18bceb44\" data-element_type=\"widget\" data-widget_type=\"spacer.default\">\n\t\t\t\t\t\t\t<div class=\"elementor-spacer\">\n\t\t\t<div class=\"elementor-spacer-inner\"><\/div>\n\t\t<\/div>\n\t\t\t\t\t\t<\/div>\n\t\t\t\t\t<\/div>\n\t\t<\/div>\n\t\t\t\t<div class=\"elementor-column elementor-col-50 elementor-top-column elementor-element elementor-element-34fdd9ad\" data-id=\"34fdd9ad\" data-element_type=\"column\" data-settings=\"{&quot;background_background&quot;:&quot;classic&quot;}\">\n\t\t\t<div class=\"elementor-widget-wrap elementor-element-populated\">\n\t\t\t\t\t\t<div class=\"elementor-element elementor-element-2cd67a6d elementor-widget elementor-widget-spacer\" data-id=\"2cd67a6d\" data-element_type=\"widget\" data-widget_type=\"spacer.default\">\n\t\t\t\t\t\t\t<div class=\"elementor-spacer\">\n\t\t\t<div class=\"elementor-spacer-inner\"><\/div>\n\t\t<\/div>\n\t\t\t\t\t\t<\/div>\n\t\t\t\t\t<\/div>\n\t\t<\/div>\n\t\t\t\t\t<\/div>\n\t\t<\/section>\n\t\t\t\t<section class=\"elementor-section elementor-top-section elementor-element elementor-element-42d4ac6d elementor-section-boxed elementor-section-height-default elementor-section-height-default\" data-id=\"42d4ac6d\" data-element_type=\"section\" data-settings=\"{&quot;background_background&quot;:&quot;classic&quot;,&quot;_ha_eqh_enable&quot;:false}\">\n\t\t\t\t\t\t\t<div class=\"elementor-background-overlay\"><\/div>\n\t\t\t\t\t\t\t<div class=\"elementor-container elementor-column-gap-default\">\n\t\t\t\t\t<div class=\"elementor-column elementor-col-100 elementor-top-column elementor-element elementor-element-2bcf5e47\" data-id=\"2bcf5e47\" data-element_type=\"column\">\n\t\t\t<div class=\"elementor-widget-wrap elementor-element-populated\">\n\t\t\t\t\t\t<div class=\"elementor-element elementor-element-6d399451 elementor-widget elementor-widget-heading\" data-id=\"6d399451\" data-element_type=\"widget\" data-widget_type=\"heading.default\">\n\t\t\t\t\t<h2 class=\"elementor-heading-title elementor-size-default\">C\u00f3mo activar el m\u00fasculo s\u00f3leo con Visionbody<\/h2>\t\t\t\t<\/div>\n\t\t\t\t\t<\/div>\n\t\t<\/div>\n\t\t\t\t\t<\/div>\n\t\t<\/section>\n\t\t\t\t<section class=\"elementor-section elementor-top-section elementor-element elementor-element-354745c2 elementor-section-content-middle elementor-section-stretched elementor-section-full_width elementor-section-height-default elementor-section-height-default\" data-id=\"354745c2\" data-element_type=\"section\" data-settings=\"{&quot;background_background&quot;:&quot;classic&quot;,&quot;stretch_section&quot;:&quot;section-stretched&quot;,&quot;_ha_eqh_enable&quot;:false}\">\n\t\t\t\t\t\t<div class=\"elementor-container elementor-column-gap-default\">\n\t\t\t\t\t<div class=\"elementor-column elementor-col-50 elementor-top-column elementor-element elementor-element-626d05ca\" data-id=\"626d05ca\" data-element_type=\"column\" data-settings=\"{&quot;background_background&quot;:&quot;classic&quot;}\">\n\t\t\t<div class=\"elementor-widget-wrap elementor-element-populated\">\n\t\t\t\t\t\t<div class=\"elementor-element elementor-element-561c8f8b elementor-widget elementor-widget-spacer\" data-id=\"561c8f8b\" data-element_type=\"widget\" data-widget_type=\"spacer.default\">\n\t\t\t\t\t\t\t<div class=\"elementor-spacer\">\n\t\t\t<div class=\"elementor-spacer-inner\"><\/div>\n\t\t<\/div>\n\t\t\t\t\t\t<\/div>\n\t\t\t\t\t<\/div>\n\t\t<\/div>\n\t\t\t\t<div class=\"elementor-column elementor-col-50 elementor-top-column elementor-element elementor-element-2b92dcf4\" data-id=\"2b92dcf4\" data-element_type=\"column\" data-settings=\"{&quot;background_background&quot;:&quot;classic&quot;}\">\n\t\t\t<div class=\"elementor-widget-wrap elementor-element-populated\">\n\t\t\t\t\t\t<section class=\"elementor-section elementor-inner-section elementor-element elementor-element-4e952801 elementor-section-boxed elementor-section-height-default elementor-section-height-default\" data-id=\"4e952801\" data-element_type=\"section\" data-settings=\"{&quot;_ha_eqh_enable&quot;:false}\">\n\t\t\t\t\t\t<div class=\"elementor-container elementor-column-gap-default\">\n\t\t\t\t\t<div class=\"elementor-column elementor-col-100 elementor-inner-column elementor-element elementor-element-679e970\" data-id=\"679e970\" data-element_type=\"column\">\n\t\t\t<div class=\"elementor-widget-wrap elementor-element-populated\">\n\t\t\t\t\t\t<div class=\"elementor-element elementor-element-ddbff89 elementor-widget elementor-widget-heading\" data-id=\"ddbff89\" data-element_type=\"widget\" data-widget_type=\"heading.default\">\n\t\t\t\t\t<h2 class=\"elementor-heading-title elementor-size-default\">Bas\u00e1ndonos en a\u00f1os de investigaci\u00f3n, combinamos el m\u00e9todo probado de \"flexi\u00f3n del s\u00f3leo\" con la tecnolog\u00eda de nuestro traje EMS. En posici\u00f3n sentada o con movimientos ligeros:<br><br>\n<b><ol><li>Si\u00e9ntese en una silla con los pies apoyados en el suelo.<\/li><li>Levanta los talones manteniendo los dedos de los pies en el suelo.<\/li><li>Baja los talones y repite.<\/li><\/ol><\/b><br>\nNuestra tecnolog\u00eda EMS garantiza la optimizaci\u00f3n de cada contracci\u00f3n, proporcionando una activaci\u00f3n m\u00e1s profunda y eficaz que los m\u00e9todos tradicionales.\n<\/h2>\t\t\t\t<\/div>\n\t\t\t\t\t<\/div>\n\t\t<\/div>\n\t\t\t\t\t<\/div>\n\t\t<\/section>\n\t\t\t\t\t<\/div>\n\t\t<\/div>\n\t\t\t\t\t<\/div>\n\t\t<\/section>\n\t\t<div class=\"elementor-element elementor-element-6a5e19e3 e-flex e-con-boxed e-con e-parent\" data-id=\"6a5e19e3\" data-element_type=\"container\" data-settings=\"{&quot;background_background&quot;:&quot;classic&quot;,&quot;_ha_eqh_enable&quot;:false}\">\n\t\t\t\t\t<div class=\"e-con-inner\">\n\t\t<div class=\"elementor-element elementor-element-4dd454a2 e-con-full e-flex e-con e-child\" data-id=\"4dd454a2\" data-element_type=\"container\" data-settings=\"{&quot;_ha_eqh_enable&quot;:false}\">\n\t\t\t\t<div class=\"elementor-element elementor-element-735ff531 elementor-widget elementor-widget-heading\" data-id=\"735ff531\" data-element_type=\"widget\" data-widget_type=\"heading.default\">\n\t\t\t\t\t<h2 class=\"elementor-heading-title elementor-size-default\">Descubra hoy mismo los beneficios para la salud<\/h2>\t\t\t\t<\/div>\n\t\t\t\t<div class=\"elementor-element elementor-element-2376f893 elementor-widget elementor-widget-text-editor\" data-id=\"2376f893\" data-element_type=\"widget\" data-widget_type=\"text-editor.default\">\n\t\t\t\t\t\t\t\t\t<p class=\"p2\">Estar sentado durante muchas horas puede reducir el metabolismo, lo que conlleva diversos riesgos para la salud. Con <strong>Visionbody EMS<\/strong>puede contrarrestar estos efectos. Tanto si est\u00e1s trabajando, relaj\u00e1ndote o haciendo ejercicio, nuestro traje mantiene activo el m\u00fasculo s\u00f3leo, ayud\u00e1ndote a mantenerte sano y con energ\u00eda.<\/p>\t\t\t\t\t\t\t\t<\/div>\n\t\t\t\t<div class=\"elementor-element elementor-element-89a9d38 elementor-align-center elementor-widget elementor-widget-button\" data-id=\"89a9d38\" data-element_type=\"widget\" data-widget_type=\"button.default\">\n\t\t\t\t\t\t\t\t\t\t<a class=\"elementor-button elementor-button-link elementor-size-sm\" href=\"https:\/\/vbtec.com\/es\/vb-pro\/powersuit\/\">\n\t\t\t\t\t\t<span class=\"elementor-button-content-wrapper\">\n\t\t\t\t\t\t\t\t\t<span class=\"elementor-button-text\">M\u00e1s informaci\u00f3n<\/span>\n\t\t\t\t\t<\/span>\n\t\t\t\t\t<\/a>\n\t\t\t\t\t\t\t\t<\/div>\n\t\t\t\t<\/div>\n\t\t\t\t\t<\/div>\n\t\t\t\t<\/div>\n\t\t\t\t<\/div>","protected":false},"excerpt":{"rendered":"<p>VISIONBODY Refuerzo del entrenamiento del s\u00f3leo Aumente su metabolismo con el entrenamiento del s\u00f3leo - Ahora mejorado con la tecnolog\u00eda Visionbody Revolucione su salud con la activaci\u00f3n del s\u00f3leo El m\u00fasculo s\u00f3leo, situado en las pantorrillas, ha sido identificado como un \"m\u00fasculo milagroso\" por investigadores de la Universidad de Houston. A pesar de constituir s\u00f3lo el 1% de su peso corporal, este peque\u00f1o pero [...]<\/p>","protected":false},"author":2,"featured_media":0,"parent":0,"menu_order":8,"comment_status":"closed","ping_status":"closed","template":"","meta":{"footnotes":""},"class_list":["post-249137","page","type-page","status-publish","hentry"],"aioseo_notices":[],"_links":{"self":[{"href":"https:\/\/vbtec.com\/es\/wp-json\/wp\/v2\/pages\/249137","targetHints":{"allow":["GET"]}}],"collection":[{"href":"https:\/\/vbtec.com\/es\/wp-json\/wp\/v2\/pages"}],"about":[{"href":"https:\/\/vbtec.com\/es\/wp-json\/wp\/v2\/types\/page"}],"author":[{"embeddable":true,"href":"https:\/\/vbtec.com\/es\/wp-json\/wp\/v2\/users\/2"}],"replies":[{"embeddable":true,"href":"https:\/\/vbtec.com\/es\/wp-json\/wp\/v2\/comments?post=249137"}],"version-history":[{"count":3,"href":"https:\/\/vbtec.com\/es\/wp-json\/wp\/v2\/pages\/249137\/revisions"}],"predecessor-version":[{"id":249716,"href":"https:\/\/vbtec.com\/es\/wp-json\/wp\/v2\/pages\/249137\/revisions\/249716"}],"wp:attachment":[{"href":"https:\/\/vbtec.com\/es\/wp-json\/wp\/v2\/media?parent=249137"}],"curies":[{"name":"wp","href":"https:\/\/api.w.org\/{rel}","templated":true}]}}