{"id":244003,"date":"2023-02-13T12:17:59","date_gmt":"2023-02-13T11:17:59","guid":{"rendered":"https:\/\/vbtec.com\/?page_id=244003"},"modified":"2025-10-23T13:43:45","modified_gmt":"2025-10-23T11:43:45","slug":"vb-beauty","status":"publish","type":"page","link":"https:\/\/vbtec.com\/es\/vb-beauty\/","title":{"rendered":"Belleza VB"},"content":{"rendered":"<div data-elementor-type=\"wp-page\" data-elementor-id=\"244003\" class=\"elementor elementor-244003\" data-elementor-settings=\"{&quot;ha_cmc_init_switcher&quot;:&quot;no&quot;}\" data-elementor-post-type=\"page\">\n\t\t\t\t<div class=\"elementor-element elementor-element-972a702 e-con-full elementor-hidden-desktop elementor-hidden-tablet e-flex e-con e-parent\" data-id=\"972a702\" data-element_type=\"container\" data-settings=\"{&quot;_ha_eqh_enable&quot;:false}\">\n\t\t\t\t<\/div>\n\t\t<div class=\"elementor-element elementor-element-690b9eb e-con-full e-flex e-con e-parent\" data-id=\"690b9eb\" data-element_type=\"container\" data-settings=\"{&quot;_ha_eqh_enable&quot;:false}\">\n\t\t\t\t<\/div>\n\t\t\t\t<section class=\"elementor-section elementor-top-section elementor-element elementor-element-781e71e elementor-section-height-min-height elementor-section-content-middle elementor-section-boxed elementor-section-height-default elementor-section-items-middle\" data-id=\"781e71e\" data-element_type=\"section\" data-settings=\"{&quot;background_background&quot;:&quot;classic&quot;,&quot;_ha_eqh_enable&quot;:false}\">\n\t\t\t\t\t\t\t<div class=\"elementor-background-overlay\"><\/div>\n\t\t\t\t\t\t\t<div class=\"elementor-container elementor-column-gap-default\">\n\t\t\t\t\t<div class=\"elementor-column elementor-col-100 elementor-top-column elementor-element elementor-element-110019ca\" data-id=\"110019ca\" data-element_type=\"column\">\n\t\t\t<div class=\"elementor-widget-wrap elementor-element-populated\">\n\t\t\t\t\t\t<div class=\"elementor-element elementor-element-1c0abd7f premium-header-inline elementor-widget elementor-widget-premium-addon-dual-header\" data-id=\"1c0abd7f\" data-element_type=\"widget\" data-widget_type=\"premium-addon-dual-header.default\">\n\t\t\t\t<div class=\"elementor-widget-container\">\n\t\t\t\t\t\n\t\t\t\t\t<h1 class=\"premium-dual-header-first-header\"><span class=\"premium-dual-header-first-span\">VBTEC <\/span><span class=\"premium-dual-header-second-header\">Belleza<\/span><\/h1> \t\t\n\t\t\t\t\t\t<\/div>\n\t\t\t\t<\/div>\n\t\t\t\t<div class=\"elementor-element elementor-element-6ee8832f elementor-widget elementor-widget-heading\" data-id=\"6ee8832f\" data-element_type=\"widget\" data-widget_type=\"heading.default\">\n\t\t\t\t\t<h2 class=\"elementor-heading-title elementor-size-default\">A cutting-edge beauty treatment designed to reduce cellulite and tone muscles.<\/h2>\t\t\t\t<\/div>\n\t\t\t\t\t<\/div>\n\t\t<\/div>\n\t\t\t\t\t<\/div>\n\t\t<\/section>\n\t\t\t\t<section class=\"elementor-section elementor-top-section elementor-element elementor-element-743a010 elementor-section-boxed elementor-section-height-default elementor-section-height-default\" data-id=\"743a010\" data-element_type=\"section\" data-settings=\"{&quot;background_background&quot;:&quot;classic&quot;,&quot;_ha_eqh_enable&quot;:false}\">\n\t\t\t\t\t\t<div class=\"elementor-container elementor-column-gap-default\">\n\t\t\t\t\t<div class=\"elementor-column elementor-col-100 elementor-top-column elementor-element elementor-element-dabd5bd\" data-id=\"dabd5bd\" data-element_type=\"column\">\n\t\t\t<div class=\"elementor-widget-wrap elementor-element-populated\">\n\t\t\t\t\t\t<div class=\"elementor-element elementor-element-2080331 elementor-invisible elementor-widget elementor-widget-text-editor\" data-id=\"2080331\" data-element_type=\"widget\" data-settings=\"{&quot;_animation&quot;:&quot;fadeInUp&quot;}\" data-widget_type=\"text-editor.default\">\n\t\t\t\t\t\t\t\t\t<p class=\"p1\"><b>Mejore su rutina de cuidado de la piel con la avanzada tecnolog\u00eda EMS<\/b><b><\/b><\/p><p class=\"p1\">Discover the transformative power of the VB Beauty EMS Face Machine \u2014 designed to elevate your skincare routine and deliver professional-quality results at home.<\/p><p class=\"p1\">Using advanced Electrical Muscle Stimulation (EMS) technology, this device activates facial muscles to rejuvenate, lift, and tighten the skin, enhancing natural beauty from within.<\/p>\t\t\t\t\t\t\t\t<\/div>\n\t\t\t\t\t<\/div>\n\t\t<\/div>\n\t\t\t\t\t<\/div>\n\t\t<\/section>\n\t\t<div class=\"elementor-element elementor-element-6ec2ff1 e-con-full e-flex e-con e-parent\" data-id=\"6ec2ff1\" data-element_type=\"container\" data-settings=\"{&quot;_ha_eqh_enable&quot;:false}\">\n\t\t<div class=\"elementor-element elementor-element-dcdd6de e-con-full elementor-hidden-mobile e-flex e-con e-child\" data-id=\"dcdd6de\" data-element_type=\"container\" data-settings=\"{&quot;_ha_eqh_enable&quot;:false}\">\n\t\t\t\t<div class=\"elementor-element elementor-element-1f9d0f5 ha-image-grid--fitRows elementor-hidden-mobile elementor-widget elementor-widget-ha-image-grid happy-addon ha-image-grid\" data-id=\"1f9d0f5\" data-element_type=\"widget\" data-settings=\"{&quot;layout&quot;:&quot;fitRows&quot;,&quot;enable_popup&quot;:&quot;yes&quot;}\" data-widget_type=\"ha-image-grid.default\">\n\t\t\t\t\t\n\t\t<div class=\"ha-image-grid__wrap hajs-isotope ha-lightbox--has\">\n\t\t\t\t\t\t\t\n\t\t\t\t<a href=\"#\" data-mfp-src=\"https:\/\/vbtec.com\/wp-content\/uploads\/2024\/11\/face_ems_machine_1-768x1024.webp\" class=\"ha-image-grid__item ha-js-lightbox __fltr-1\">\n\t\t\t\t\t<img fetchpriority=\"high\" decoding=\"async\" width=\"1560\" height=\"2080\" src=\"https:\/\/vbtec.com\/wp-content\/uploads\/2024\/11\/face_ems_machine_1.webp\" class=\"elementor-animation-grow\" alt=\"\" srcset=\"https:\/\/vbtec.com\/wp-content\/uploads\/2024\/11\/face_ems_machine_1.webp 1560w, https:\/\/vbtec.com\/wp-content\/uploads\/2024\/11\/face_ems_machine_1-225x300.webp 225w, https:\/\/vbtec.com\/wp-content\/uploads\/2024\/11\/face_ems_machine_1-768x1024.webp 768w, https:\/\/vbtec.com\/wp-content\/uploads\/2024\/11\/face_ems_machine_1-1152x1536.webp 1152w, https:\/\/vbtec.com\/wp-content\/uploads\/2024\/11\/face_ems_machine_1-1536x2048.webp 1536w, https:\/\/vbtec.com\/wp-content\/uploads\/2024\/11\/face_ems_machine_1-9x12.webp 9w\" sizes=\"(max-width: 1560px) 100vw, 1560px\" title=\"face_ems_machine_1 - VBTec\" \/>\t\t\t\t<\/a>\n\t\t\t\t\t<\/div>\n\n\t\t\t\t\t\t<\/div>\n\t\t\t\t<\/div>\n\t\t<div class=\"elementor-element elementor-element-b08bbae e-con-full e-flex e-con e-child\" data-id=\"b08bbae\" data-element_type=\"container\" data-settings=\"{&quot;_ha_eqh_enable&quot;:false}\">\n\t\t<div class=\"elementor-element elementor-element-c2e66ed e-con-full e-flex e-con e-child\" data-id=\"c2e66ed\" data-element_type=\"container\" data-settings=\"{&quot;_ha_eqh_enable&quot;:false}\">\n\t\t<div class=\"elementor-element elementor-element-d9e95b5 e-con-full e-flex e-con e-child\" data-id=\"d9e95b5\" data-element_type=\"container\" data-settings=\"{&quot;_ha_eqh_enable&quot;:false}\">\n\t\t\t\t<div class=\"elementor-element elementor-element-47b726b elementor-widget elementor-widget-spacer\" data-id=\"47b726b\" data-element_type=\"widget\" data-widget_type=\"spacer.default\">\n\t\t\t\t\t\t\t<div class=\"elementor-spacer\">\n\t\t\t<div class=\"elementor-spacer-inner\"><\/div>\n\t\t<\/div>\n\t\t\t\t\t\t<\/div>\n\t\t\t\t<div class=\"elementor-element elementor-element-63cf719 elementor-hidden-desktop elementor-hidden-tablet elementor-widget elementor-widget-image\" data-id=\"63cf719\" data-element_type=\"widget\" data-widget_type=\"image.default\">\n\t\t\t\t\t\t\t\t\t\t\t\t\t\t\t<img decoding=\"async\" width=\"768\" height=\"1024\" src=\"https:\/\/vbtec.com\/wp-content\/uploads\/2024\/11\/face_ems_machine_1-768x1024.webp\" class=\"attachment-large size-large wp-image-248736\" alt=\"\" srcset=\"https:\/\/vbtec.com\/wp-content\/uploads\/2024\/11\/face_ems_machine_1-768x1024.webp 768w, https:\/\/vbtec.com\/wp-content\/uploads\/2024\/11\/face_ems_machine_1-225x300.webp 225w, https:\/\/vbtec.com\/wp-content\/uploads\/2024\/11\/face_ems_machine_1-1152x1536.webp 1152w, https:\/\/vbtec.com\/wp-content\/uploads\/2024\/11\/face_ems_machine_1-1536x2048.webp 1536w, https:\/\/vbtec.com\/wp-content\/uploads\/2024\/11\/face_ems_machine_1-9x12.webp 9w, https:\/\/vbtec.com\/wp-content\/uploads\/2024\/11\/face_ems_machine_1.webp 1560w\" sizes=\"(max-width: 768px) 100vw, 768px\" title=\"face_ems_machine_1 - VBTec\" \/>\t\t\t\t\t\t\t\t\t\t\t\t\t\t\t<\/div>\n\t\t\t\t<div class=\"elementor-element elementor-element-f896cac elementor-position-left elementor-view-default elementor-mobile-position-top elementor-vertical-align-top elementor-widget elementor-widget-icon-box\" data-id=\"f896cac\" data-element_type=\"widget\" data-widget_type=\"icon-box.default\">\n\t\t\t\t\t\t\t<div class=\"elementor-icon-box-wrapper\">\n\n\t\t\t\t\t\t<div class=\"elementor-icon-box-icon\">\n\t\t\t\t<span  class=\"elementor-icon\">\n\t\t\t\t<svg xmlns=\"http:\/\/www.w3.org\/2000\/svg\" viewbox=\"0 0 64 64\" width=\"512\" height=\"512\"><g id=\"_27-Face_mask\" data-name=\"27-Face mask\"><path d=\"M32,55A19.021,19.021,0,0,1,13,36V18a1,1,0,0,1,.375-.781A64.038,64.038,0,0,1,38.8,6.02L39.2,7.98a61.342,61.342,0,0,0-9,2.543,80.437,80.437,0,0,1,20.252,6.582A1,1,0,0,1,51,18V36A19.021,19.021,0,0,1,32,55ZM15,18.5V36a17,17,0,0,0,34,0V18.63C46.564,17.486,36.479,13,26.413,12.041A60.837,60.837,0,0,0,15,18.5Z\"><\/path><path d=\"M13.594,30.914A17.38,17.38,0,0,1,4,15C4,6.494,7.357,3.2,13.553.105l.894,1.79C8.724,4.756,6,7.447,6,15a15.588,15.588,0,0,0,8.406,14.086Z\"><\/path><path d=\"M50.406,30.914l-.812-1.828L50,30l-.408-.913A15.392,15.392,0,0,0,58,15c0-7.553-2.724-10.244-8.447-13.1l.894-1.79C56.643,3.2,60,6.494,60,15A17.38,17.38,0,0,1,50.406,30.914Z\"><\/path><path d=\"M1.222,63.976.778,62.024,22,57.2V51h2v7a1,1,0,0,1-.778.976Z\"><\/path><path d=\"M62.778,63.976l-22-5A1,1,0,0,1,40,58V51h2v6.2l21.222,4.822Z\"><\/path><path d=\"M32,51A15.017,15.017,0,0,1,17,36V20a1,1,0,0,1,.684-.948A49.389,49.389,0,0,1,32,17a49.389,49.389,0,0,1,14.316,2.052A1,1,0,0,1,47,20V36A15.017,15.017,0,0,1,32,51ZM19,20.743V36a13,13,0,0,0,26,0V20.744a49.337,49.337,0,0,0-26,0Z\"><\/path><path d=\"M27,31H25a4,4,0,0,1,0-8h2a4,4,0,0,1,0,8Zm-2-6a2,2,0,0,0,0,4h2a2,2,0,0,0,0-4Z\"><\/path><path d=\"M39,31H37a4,4,0,0,1,0-8h2a4,4,0,0,1,0,8Zm-2-6a2,2,0,0,0,0,4h2a2,2,0,0,0,0-4Z\"><\/path><path d=\"M32,47a8.009,8.009,0,0,1-8-8V38a3,3,0,0,1,3-3H37a3,3,0,0,1,3,3v1A8.009,8.009,0,0,1,32,47ZM27,37a1,1,0,0,0-1,1v1a6,6,0,0,0,12,0V38a1,1,0,0,0-1-1Z\"><\/path><path d=\"M35,42H29a1,1,0,0,1-.707-.293l-1-1,1.414-1.414.707.707h5.172l.707-.707,1.414,1.414-1,1A1,1,0,0,1,35,42Z\"><\/path><\/g><\/svg>\t\t\t\t<\/span>\n\t\t\t<\/div>\n\t\t\t\n\t\t\t\t\t\t<div class=\"elementor-icon-box-content\">\n\n\t\t\t\t\t\t\t\t\t<h5 class=\"elementor-icon-box-title\">\n\t\t\t\t\t\t<span  >\n\t\t\t\t\t\t\tBeneficios de la m\u00e1quina facial EMS de VB Beauty:\t\t\t\t\t\t<\/span>\n\t\t\t\t\t<\/h5>\n\t\t\t\t\n\t\t\t\t\t\t\t\t\t<p class=\"elementor-icon-box-description\">\n\t\t\t\t\t\t<br><b>Efecto reafirmante instant\u00e1neo<\/b>\nLa tecnolog\u00eda EMS estimula los m\u00fasculos faciales y favorece la producci\u00f3n de col\u00e1geno para lograr un aspecto visiblemente m\u00e1s firme y joven.\n<br><br>\n<b>Elevaci\u00f3n no invasiva<\/b>\nExperience a natural facelift effect \u2014 no needles, no surgery \u2014 with long-lasting results.<br><br>\n<b>Mejora la circulaci\u00f3n sangu\u00ednea<\/b>\nEl aumento del flujo sangu\u00edneo rejuvenece las c\u00e9lulas de la piel, proporcionando un brillo radiante y saludable.<br><br>\n<b>Dise\u00f1o f\u00e1cil de usar<\/b>\n Con controles intuitivos y m\u00faltiples ajustes de intensidad, puedes personalizar tu rutina para adaptarla a las necesidades de tu piel.<br><br>\n\t\t\t\t\t<\/p>\n\t\t\t\t\n\t\t\t<\/div>\n\t\t\t\n\t\t<\/div>\n\t\t\t\t\t\t<\/div>\n\t\t\t\t<\/div>\n\t\t\t\t<\/div>\n\t\t\t\t<\/div>\n\t\t\t\t<\/div>\n\t\t<div class=\"elementor-element elementor-element-9985a25 e-con-full e-flex e-con e-parent\" data-id=\"9985a25\" data-element_type=\"container\" data-settings=\"{&quot;_ha_eqh_enable&quot;:false}\">\n\t\t<div class=\"elementor-element elementor-element-c08ad52 e-con-full elementor-hidden-mobile e-flex e-con e-child\" data-id=\"c08ad52\" data-element_type=\"container\" data-settings=\"{&quot;_ha_eqh_enable&quot;:false}\">\n\t\t\t\t<div class=\"elementor-element elementor-element-48b0f62 ha-image-grid--fitRows elementor-widget elementor-widget-ha-image-grid happy-addon ha-image-grid\" data-id=\"48b0f62\" data-element_type=\"widget\" data-settings=\"{&quot;layout&quot;:&quot;fitRows&quot;,&quot;enable_popup&quot;:&quot;yes&quot;}\" data-widget_type=\"ha-image-grid.default\">\n\t\t\t\t\t\n\t\t<div class=\"ha-image-grid__wrap hajs-isotope ha-lightbox--has\">\n\t\t\t\t\t\t\t\n\t\t\t\t<a href=\"#\" data-mfp-src=\"https:\/\/vbtec.com\/wp-content\/uploads\/2024\/11\/face_ems_machine_2-994x1024.webp\" class=\"ha-image-grid__item ha-js-lightbox __fltr-1\">\n\t\t\t\t\t<img decoding=\"async\" width=\"1309\" height=\"1348\" src=\"https:\/\/vbtec.com\/wp-content\/uploads\/2024\/11\/face_ems_machine_2.webp\" class=\"elementor-animation-grow\" alt=\"\" srcset=\"https:\/\/vbtec.com\/wp-content\/uploads\/2024\/11\/face_ems_machine_2.webp 1309w, https:\/\/vbtec.com\/wp-content\/uploads\/2024\/11\/face_ems_machine_2-291x300.webp 291w, https:\/\/vbtec.com\/wp-content\/uploads\/2024\/11\/face_ems_machine_2-994x1024.webp 994w, https:\/\/vbtec.com\/wp-content\/uploads\/2024\/11\/face_ems_machine_2-768x791.webp 768w, https:\/\/vbtec.com\/wp-content\/uploads\/2024\/11\/face_ems_machine_2-12x12.webp 12w\" sizes=\"(max-width: 1309px) 100vw, 1309px\" title=\"face_ems_machine_2 - VBTec\" \/>\t\t\t\t<\/a>\n\t\t\t\t\t<\/div>\n\n\t\t\t\t\t\t<\/div>\n\t\t\t\t<\/div>\n\t\t<div class=\"elementor-element elementor-element-75d02ff e-con-full e-flex e-con e-child\" data-id=\"75d02ff\" data-element_type=\"container\" data-settings=\"{&quot;_ha_eqh_enable&quot;:false}\">\n\t\t<div class=\"elementor-element elementor-element-41bd7af e-con-full e-flex e-con e-child\" data-id=\"41bd7af\" data-element_type=\"container\" data-settings=\"{&quot;_ha_eqh_enable&quot;:false}\">\n\t\t\t\t<div class=\"elementor-element elementor-element-38e1b81 elementor-widget elementor-widget-image\" data-id=\"38e1b81\" data-element_type=\"widget\" data-widget_type=\"image.default\">\n\t\t\t\t\t\t\t\t\t\t\t\t\t\t\t<img loading=\"lazy\" decoding=\"async\" width=\"800\" height=\"824\" src=\"https:\/\/vbtec.com\/wp-content\/uploads\/2024\/11\/face_ems_machine_2-994x1024.webp\" class=\"attachment-large size-large wp-image-248739\" alt=\"\" srcset=\"https:\/\/vbtec.com\/wp-content\/uploads\/2024\/11\/face_ems_machine_2-994x1024.webp 994w, https:\/\/vbtec.com\/wp-content\/uploads\/2024\/11\/face_ems_machine_2-291x300.webp 291w, https:\/\/vbtec.com\/wp-content\/uploads\/2024\/11\/face_ems_machine_2-768x791.webp 768w, https:\/\/vbtec.com\/wp-content\/uploads\/2024\/11\/face_ems_machine_2-12x12.webp 12w, https:\/\/vbtec.com\/wp-content\/uploads\/2024\/11\/face_ems_machine_2.webp 1309w\" sizes=\"(max-width: 800px) 100vw, 800px\" title=\"face_ems_machine_2 - VBTec\" \/>\t\t\t\t\t\t\t\t\t\t\t\t\t\t\t<\/div>\n\t\t<div class=\"elementor-element elementor-element-24dc9c2 e-con-full e-flex e-con e-child\" data-id=\"24dc9c2\" data-element_type=\"container\" data-settings=\"{&quot;_ha_eqh_enable&quot;:false}\">\n\t\t\t\t<div class=\"elementor-element elementor-element-f3adb12 elementor-widget elementor-widget-spacer\" data-id=\"f3adb12\" data-element_type=\"widget\" data-widget_type=\"spacer.default\">\n\t\t\t\t\t\t\t<div class=\"elementor-spacer\">\n\t\t\t<div class=\"elementor-spacer-inner\"><\/div>\n\t\t<\/div>\n\t\t\t\t\t\t<\/div>\n\t\t\t\t<div class=\"elementor-element elementor-element-b33524c elementor-vertical-align-top elementor-widget elementor-widget-icon-box\" data-id=\"b33524c\" data-element_type=\"widget\" data-widget_type=\"icon-box.default\">\n\t\t\t\t\t\t\t<div class=\"elementor-icon-box-wrapper\">\n\n\t\t\t\n\t\t\t\t\t\t<div class=\"elementor-icon-box-content\">\n\n\t\t\t\t\t\t\t\t\t<h5 class=\"elementor-icon-box-title\">\n\t\t\t\t\t\t<span  >\n\t\t\t\t\t\t\tC\u00d3MO FUNCIONA\t\t\t\t\t\t<\/span>\n\t\t\t\t\t<\/h5>\n\t\t\t\t\n\t\t\t\t\t\t\t\t\t<p class=\"elementor-icon-box-description\">\n\t\t\t\t\t\t<br>En<b> M\u00e1quina facial EMS de VB Beauty <\/b>proporciona impulsos el\u00e9ctricos suaves pero eficaces que activan los m\u00fasculos situados bajo la superficie de la piel. Esta estimulaci\u00f3n mejora el tono muscular, tensa la piel y reduce las l\u00edneas finas y las arrugas. Su uso regular ayuda a conseguir un contorno facial m\u00e1s definido y un aspecto m\u00e1s joven.  Actualice su rutina de belleza y experimente un cuidado de la piel de calidad profesional con la m\u00e1quina facial EMS de VB Beauty, una herramienta esencial para cualquiera que desee conseguir y mantener un cutis radiante.\t\t\t\t\t<\/p>\n\t\t\t\t\n\t\t\t<\/div>\n\t\t\t\n\t\t<\/div>\n\t\t\t\t\t\t<\/div>\n\t\t\t\t<\/div>\n\t\t\t\t<\/div>\n\t\t\t\t<\/div>\n\t\t\t\t<\/div>\n\t\t<div class=\"elementor-element elementor-element-5f5ed70f e-con-full e-flex e-con e-parent\" data-id=\"5f5ed70f\" data-element_type=\"container\" data-settings=\"{&quot;background_background&quot;:&quot;classic&quot;,&quot;_ha_eqh_enable&quot;:false}\">\n\t\t<div class=\"elementor-element elementor-element-1d345501 e-con-full e-flex e-con e-child\" data-id=\"1d345501\" data-element_type=\"container\" data-settings=\"{&quot;_ha_eqh_enable&quot;:false}\">\n\t\t\t\t<div class=\"elementor-element elementor-element-283feb5e elementor-widget elementor-widget-heading\" data-id=\"283feb5e\" data-element_type=\"widget\" data-widget_type=\"heading.default\">\n\t\t\t\t\t<h2 class=\"elementor-heading-title elementor-size-default\">Apply to See If You Qualify<\/h2>\t\t\t\t<\/div>\n\t\t\t\t<div class=\"elementor-element elementor-element-44a5dc37 elementor-widget elementor-widget-text-editor\" data-id=\"44a5dc37\" data-element_type=\"widget\" data-widget_type=\"text-editor.default\">\n\t\t\t\t\t\t\t\t\t<p style=\"text-align: left;\">Let\u2019s connect and help you elevate your beauty business to the next level with our innovative technology. As a leader in advanced beauty solutions, we seek passionate and dedicated businesses that share our vision.<\/p><p class=\"p1\">Our exclusive devices are available only to partners who demonstrate true commitment and professionalism<\/p>\t\t\t\t\t\t\t\t<\/div>\n\t\t\t\t<\/div>\n\t\t\t\t<\/div>\n\t\t<div class=\"elementor-element elementor-element-7c1e9ec7 e-flex e-con-boxed e-con e-parent\" data-id=\"7c1e9ec7\" data-element_type=\"container\" data-settings=\"{&quot;background_background&quot;:&quot;classic&quot;,&quot;_ha_eqh_enable&quot;:false}\">\n\t\t\t\t\t<div class=\"e-con-inner\">\n\t\t<div class=\"elementor-element elementor-element-5220c6be e-con-full e-flex e-con e-child\" data-id=\"5220c6be\" data-element_type=\"container\" data-settings=\"{&quot;_ha_eqh_enable&quot;:false}\">\n\t\t\t\t<div class=\"elementor-element elementor-element-6276dea elementor-widget elementor-widget-heading\" data-id=\"6276dea\" data-element_type=\"widget\" data-widget_type=\"heading.default\">\n\t\t\t\t\t<h2 class=\"elementor-heading-title elementor-size-default\">Vamos a <br>en Contacto<\/h2>\t\t\t\t<\/div>\n\t\t\t\t<div class=\"elementor-element elementor-element-4c9e682 elementor-widget elementor-widget-html\" data-id=\"4c9e682\" data-element_type=\"widget\" data-widget_type=\"html.default\">\n\t\t\t\t\t<iframe\n  src=\"https:\/\/api.leadconnectorhq.com\/widget\/form\/KyWY6LcQf7MPA4i8cbcX\"\n  style=\"width:100%;height:100%;border:none;border-radius:0px\"\n  id=\"inline-KyWY6LcQf7MPA4i8cbcX\" \n  data-layout=\"{'id':'INLINE'}\"\n  data-trigger-type=\"alwaysShow\"\n  data-trigger-value=\"\"\n  data-activation-type=\"alwaysActivated\"\n  data-activation-value=\"\"\n  data-deactivation-type=\"neverDeactivate\"\n  data-deactivation-value=\"\"\n  data-form-name=\"VBTECUSA.com Form\"\n  data-height=\"600\"\n  data-layout-iframe-id=\"inline-KyWY6LcQf7MPA4i8cbcX\"\n  data-form-id=\"KyWY6LcQf7MPA4i8cbcX\"\n  title=\"Formulario VBTECUSA.com\"\n      >\n<\/iframe>\n<script src=\"https:\/\/link.msgsndr.com\/js\/form_embed.js\"><\/script>\t\t\t\t<\/div>\n\t\t\t\t<\/div>\n\t\t\t\t\t<\/div>\n\t\t\t\t<\/div>\n\t\t\t\t<\/div>","protected":false},"excerpt":{"rendered":"<p>VBTEC Beauty A cutting-edge beauty treatment designed to reduce cellulite and tone muscles. Elevate Your Skincare Routine with Advanced EMS Technology Discover the transformative power of the VB Beauty EMS Face Machine \u2014 designed to elevate your skincare routine and deliver professional-quality results at home. Using advanced Electrical Muscle Stimulation (EMS) technology, this device activates [&hellip;]<\/p>","protected":false},"author":2,"featured_media":0,"parent":0,"menu_order":3,"comment_status":"closed","ping_status":"closed","template":"","meta":{"footnotes":""},"class_list":["post-244003","page","type-page","status-publish","hentry"],"aioseo_notices":[],"_links":{"self":[{"href":"https:\/\/vbtec.com\/es\/wp-json\/wp\/v2\/pages\/244003","targetHints":{"allow":["GET"]}}],"collection":[{"href":"https:\/\/vbtec.com\/es\/wp-json\/wp\/v2\/pages"}],"about":[{"href":"https:\/\/vbtec.com\/es\/wp-json\/wp\/v2\/types\/page"}],"author":[{"embeddable":true,"href":"https:\/\/vbtec.com\/es\/wp-json\/wp\/v2\/users\/2"}],"replies":[{"embeddable":true,"href":"https:\/\/vbtec.com\/es\/wp-json\/wp\/v2\/comments?post=244003"}],"version-history":[{"count":6,"href":"https:\/\/vbtec.com\/es\/wp-json\/wp\/v2\/pages\/244003\/revisions"}],"predecessor-version":[{"id":251228,"href":"https:\/\/vbtec.com\/es\/wp-json\/wp\/v2\/pages\/244003\/revisions\/251228"}],"wp:attachment":[{"href":"https:\/\/vbtec.com\/es\/wp-json\/wp\/v2\/media?parent=244003"}],"curies":[{"name":"wp","href":"https:\/\/api.w.org\/{rel}","templated":true}]}}