{"id":261,"date":"2023-01-23T17:22:44","date_gmt":"2023-01-23T16:22:44","guid":{"rendered":"https:\/\/vbtec.com\/?page_id=261"},"modified":"2025-02-23T13:08:42","modified_gmt":"2025-02-23T12:08:42","slug":"unternehmen","status":"publish","type":"page","link":"https:\/\/vbtec.com\/de\/unternehmen\/","title":{"rendered":"Company"},"content":{"rendered":"<div data-elementor-type=\"wp-page\" data-elementor-id=\"261\" class=\"elementor elementor-261\" data-elementor-settings=\"{&quot;ha_cmc_init_switcher&quot;:&quot;no&quot;}\" data-elementor-post-type=\"page\">\n\t\t\t\t<div class=\"elementor-element elementor-element-54cd3a2 e-con-full e-flex e-con e-parent\" data-id=\"54cd3a2\" data-element_type=\"container\" data-settings=\"{&quot;_ha_eqh_enable&quot;:false}\">\n\t\t\t\t<\/div>\n\t\t<div class=\"elementor-element elementor-element-bd0d313 e-con-full e-flex e-con e-parent\" data-id=\"bd0d313\" data-element_type=\"container\" data-settings=\"{&quot;_ha_eqh_enable&quot;:false}\">\n\t\t\t\t<\/div>\n\t\t\t\t<section class=\"elementor-section elementor-top-section elementor-element elementor-element-7e052cb elementor-section-height-min-height elementor-section-content-middle elementor-section-boxed elementor-section-height-default elementor-section-items-middle\" data-id=\"7e052cb\" data-element_type=\"section\" data-settings=\"{&quot;background_background&quot;:&quot;video&quot;,&quot;background_video_link&quot;:&quot;https:\\\/\\\/vbtec.com\\\/wp-content\\\/uploads\\\/2023\\\/02\\\/vb_web_en3.mp4&quot;,&quot;_ha_eqh_enable&quot;:false}\">\n\t\t\t\t\t\t\t\t<div class=\"elementor-background-video-container elementor-hidden-mobile\">\n\t\t\t\t\t\t\t\t\t\t\t\t\t<video class=\"elementor-background-video-hosted\" autoplay muted playsinline loop><\/video>\n\t\t\t\t\t\t\t\t\t\t\t<\/div>\n\t\t\t\t\t\t\t\t\t<div class=\"elementor-background-overlay\"><\/div>\n\t\t\t\t\t\t\t<div class=\"elementor-container elementor-column-gap-default\">\n\t\t\t\t\t<div class=\"elementor-column elementor-col-100 elementor-top-column elementor-element elementor-element-3db93dc5\" data-id=\"3db93dc5\" data-element_type=\"column\">\n\t\t\t<div class=\"elementor-widget-wrap elementor-element-populated\">\n\t\t\t\t\t\t<section class=\"elementor-section elementor-inner-section elementor-element elementor-element-40be847 elementor-section-boxed elementor-section-height-default elementor-section-height-default\" data-id=\"40be847\" data-element_type=\"section\" data-settings=\"{&quot;_ha_eqh_enable&quot;:false}\">\n\t\t\t\t\t\t<div class=\"elementor-container elementor-column-gap-default\">\n\t\t\t\t\t<div class=\"elementor-column elementor-col-100 elementor-inner-column elementor-element elementor-element-35e86050\" data-id=\"35e86050\" data-element_type=\"column\">\n\t\t\t<div class=\"elementor-widget-wrap elementor-element-populated\">\n\t\t\t\t\t\t<div class=\"elementor-element elementor-element-60e10cae premium-mask-yes premium-header-inline premium-mask-tr elementor-widget elementor-widget-premium-addon-dual-header\" data-id=\"60e10cae\" data-element_type=\"widget\" data-widget_type=\"premium-addon-dual-header.default\">\n\t\t\t\t<div class=\"elementor-widget-container\">\n\t\t\t\t\t\n\t\t\t\t\t<h1 class=\"premium-dual-header-first-header\"><span class=\"premium-dual-header-first-span\">VBTEC <\/span><span class=\"premium-dual-header-second-header\">Die EMS\/EMA-Company<\/span><\/h1> \t\t\n\t\t\t\t\t\t<\/div>\n\t\t\t\t<\/div>\n\t\t\t\t<div class=\"elementor-element elementor-element-2bbcaf73 elementor-widget elementor-widget-heading\" data-id=\"2bbcaf73\" data-element_type=\"widget\" data-widget_type=\"heading.default\">\n\t\t\t\t\t<h2 class=\"elementor-heading-title elementor-size-default\">Erleben Sie un\u00fcbertroffene Qualit\u00e4t und Leistung.<\/h2>\t\t\t\t<\/div>\n\t\t\t\t\t<\/div>\n\t\t<\/div>\n\t\t\t\t\t<\/div>\n\t\t<\/section>\n\t\t\t\t\t<\/div>\n\t\t<\/div>\n\t\t\t\t\t<\/div>\n\t\t<\/section>\n\t\t<div class=\"elementor-element elementor-element-4beca989 e-flex e-con-boxed elementor-invisible e-con e-parent\" data-id=\"4beca989\" data-element_type=\"container\" data-settings=\"{&quot;animation&quot;:&quot;fadeIn&quot;,&quot;background_background&quot;:&quot;gradient&quot;,&quot;_ha_eqh_enable&quot;:false}\">\n\t\t\t\t\t<div class=\"e-con-inner\">\n\t\t<div class=\"elementor-element elementor-element-1e176745 e-con-full e-flex e-con e-child\" data-id=\"1e176745\" data-element_type=\"container\" data-settings=\"{&quot;_ha_eqh_enable&quot;:false}\">\n\t\t\t\t<div class=\"elementor-element elementor-element-78537f62 elementor-widget elementor-widget-heading\" data-id=\"78537f62\" data-element_type=\"widget\" data-widget_type=\"heading.default\">\n\t\t\t\t\t<h2 class=\"elementor-heading-title elementor-size-default\">Pionierarbeit f\u00fcr die Zukunft mit modernster Ausr\u00fcstung<\/h2>\t\t\t\t<\/div>\n\t\t\t\t<\/div>\n\t\t\t\t\t<\/div>\n\t\t\t\t<\/div>\n\t\t<div class=\"elementor-element elementor-element-33f13d6 e-flex e-con-boxed elementor-invisible e-con e-parent\" data-id=\"33f13d6\" data-element_type=\"container\" data-settings=\"{&quot;background_background&quot;:&quot;classic&quot;,&quot;animation&quot;:&quot;fadeIn&quot;,&quot;_ha_eqh_enable&quot;:false}\">\n\t\t\t\t\t<div class=\"e-con-inner\">\n\t\t<div class=\"elementor-element elementor-element-3391874 e-con-full e-flex e-con e-child\" data-id=\"3391874\" data-element_type=\"container\" data-settings=\"{&quot;_ha_eqh_enable&quot;:false}\">\n\t\t<div class=\"elementor-element elementor-element-4526ea4d e-con-full e-flex e-con e-child\" data-id=\"4526ea4d\" data-element_type=\"container\" data-settings=\"{&quot;_ha_eqh_enable&quot;:false}\">\n\t\t\t\t<div class=\"elementor-element elementor-element-2088963d elementor-widget elementor-widget-text-editor\" data-id=\"2088963d\" data-element_type=\"widget\" data-widget_type=\"text-editor.default\">\n\t\t\t\t\t\t\t\t\t<p>Wir bei VBTEC sind der Meinung, dass Fitness und Wellness in Verbindung mit EMS\/EMA (Elektrische Muskelstimulation) f\u00fcr jeden zug\u00e4nglich sein sollten. Deshalb haben wir eine Reihe von Produkten und Dienstleistungen entwickelt, die auf die Bed\u00fcrfnisse aller Anwender zugeschnitten sind.\u00a0<\/p><p>Von unseren hochmodernen EMS\/EMA-Schutzanz\u00fcgen bis hin zu unseren umfassenden medizinischen Ger\u00e4ten verschieben wir st\u00e4ndig die Grenzen und setzen neue Standards in der Branche.<\/p>\t\t\t\t\t\t\t\t<\/div>\n\t\t\t\t<\/div>\n\t\t\t\t<\/div>\n\t\t<div class=\"elementor-element elementor-element-5ca3648 e-con-full e-flex e-con e-child\" data-id=\"5ca3648\" data-element_type=\"container\" data-settings=\"{&quot;_ha_eqh_enable&quot;:false}\">\n\t\t<div class=\"elementor-element elementor-element-1fb7469f e-con-full e-flex e-con e-child\" data-id=\"1fb7469f\" data-element_type=\"container\" data-settings=\"{&quot;_ha_eqh_enable&quot;:false}\">\n\t\t\t\t<div class=\"elementor-element elementor-element-8d5a9e4 elementor-widget elementor-widget-image\" data-id=\"8d5a9e4\" data-element_type=\"widget\" data-widget_type=\"image.default\">\n\t\t\t\t\t\t\t\t\t\t\t\t\t\t\t<img fetchpriority=\"high\" decoding=\"async\" width=\"800\" height=\"800\" src=\"https:\/\/vbtec.com\/wp-content\/uploads\/2023\/05\/tem-1024x1024.webp\" class=\"attachment-large size-large wp-image-245921\" alt=\"\" srcset=\"https:\/\/vbtec.com\/wp-content\/uploads\/2023\/05\/tem-1024x1024.webp 1024w, https:\/\/vbtec.com\/wp-content\/uploads\/2023\/05\/tem-300x300.webp 300w, https:\/\/vbtec.com\/wp-content\/uploads\/2023\/05\/tem-150x150.webp 150w, https:\/\/vbtec.com\/wp-content\/uploads\/2023\/05\/tem-768x768.webp 768w, https:\/\/vbtec.com\/wp-content\/uploads\/2023\/05\/tem-12x12.webp 12w, https:\/\/vbtec.com\/wp-content\/uploads\/2023\/05\/tem.webp 1080w\" sizes=\"(max-width: 800px) 100vw, 800px\" title=\"tem - VBTec\" \/>\t\t\t\t\t\t\t\t\t\t\t\t\t\t\t<\/div>\n\t\t\t\t<\/div>\n\t\t\t\t<\/div>\n\t\t\t\t\t<\/div>\n\t\t\t\t<\/div>\n\t\t<div class=\"elementor-element elementor-element-70476729 e-flex e-con-boxed elementor-invisible e-con e-parent\" data-id=\"70476729\" data-element_type=\"container\" data-settings=\"{&quot;animation&quot;:&quot;fadeIn&quot;,&quot;_ha_eqh_enable&quot;:false}\">\n\t\t\t\t\t<div class=\"e-con-inner\">\n\t\t<div class=\"elementor-element elementor-element-699c59fc e-con-full e-flex e-con e-child\" data-id=\"699c59fc\" data-element_type=\"container\" data-settings=\"{&quot;_ha_eqh_enable&quot;:false}\">\n\t\t\t\t<div class=\"elementor-element elementor-element-7d28ce28 elementor-widget elementor-widget-video\" data-id=\"7d28ce28\" data-element_type=\"widget\" data-settings=\"{&quot;video_type&quot;:&quot;hosted&quot;,&quot;show_image_overlay&quot;:&quot;yes&quot;,&quot;image_overlay&quot;:{&quot;url&quot;:&quot;https:\\\/\\\/vbtec.com\\\/wp-content\\\/uploads\\\/2023\\\/05\\\/own.webp&quot;,&quot;id&quot;:244861,&quot;size&quot;:&quot;&quot;,&quot;alt&quot;:&quot;&quot;,&quot;source&quot;:&quot;library&quot;},&quot;controls&quot;:&quot;yes&quot;}\" data-widget_type=\"video.default\">\n\t\t\t\t\t\t\t<div class=\"e-hosted-video elementor-wrapper elementor-open-inline\">\n\t\t\t\t\t<video class=\"elementor-video\" src=\"https:\/\/vbtec.com\/wp-content\/uploads\/2023\/05\/vb_web_en2_960p2.mp4\" controls=\"\" preload=\"metadata\" controlslist=\"nodownload\"><\/video>\n\t\t\t\t\t\t<div class=\"elementor-custom-embed-image-overlay\" style=\"background-image: url(https:\/\/vbtec.com\/wp-content\/uploads\/2023\/05\/own.webp);\">\n\t\t\t\t\t\t\t\t\t\t\t\t\t\t\t\t<div class=\"elementor-custom-embed-play\" role=\"button\" aria-label=\"Video abspielen\" tabindex=\"0\">\n\t\t\t\t\t\t\t<svg aria-hidden=\"true\" class=\"e-font-icon-svg e-eicon-play\" viewbox=\"0 0 1000 1000\" xmlns=\"http:\/\/www.w3.org\/2000\/svg\"><path d=\"M838 162C746 71 633 25 500 25 371 25 258 71 163 162 71 254 25 367 25 500 25 633 71 746 163 837 254 929 367 979 500 979 633 979 746 933 838 837 929 746 975 633 975 500 975 367 929 254 838 162M808 192C892 279 933 379 933 500 933 621 892 725 808 808 725 892 621 938 500 938 379 938 279 896 196 808 113 725 67 621 67 500 67 379 108 279 196 192 279 108 383 62 500 62 621 62 721 108 808 192M438 392V642L642 517 438 392Z\"><\/path><\/svg>\t\t\t\t\t\t<\/div>\n\t\t\t\t\t\t\t\t\t<\/div>\n\t\t\t\t\t<\/div>\n\t\t\t\t\t\t<\/div>\n\t\t\t\t<\/div>\n\t\t<div class=\"elementor-element elementor-element-4f33d613 e-con-full e-flex e-con e-child\" data-id=\"4f33d613\" data-element_type=\"container\" data-settings=\"{&quot;_ha_eqh_enable&quot;:false}\">\n\t\t\t\t<div class=\"elementor-element elementor-element-1b60a1b elementor-widget elementor-widget-text-editor\" data-id=\"1b60a1b\" data-element_type=\"widget\" data-widget_type=\"text-editor.default\">\n\t\t\t\t\t\t\t\t\t<p><strong>Wir sind f\u00fchrend in der Branche und revolutionieren EMS\/EMA mit innovativen Produkten und Dienstleistungen, die es den Menschen erm\u00f6glichen, ihr volles Potenzial auszusch\u00f6pfen und einen ges\u00fcnderen, aktiveren Lebensstil zu f\u00fchren.<\/strong><\/p><p>Wir bei VBTEC machen EMS\/EMA mit unserem innovativen Produkt- und Dienstleistungsangebot f\u00fcr jedermann zug\u00e4nglich. Von hochmodernen EMS\/EMA-Anz\u00fcgen bis hin zu umfassenden Ger\u00e4ten setzen wir neue Standards und verschieben die Grenzen in der Branche.<\/p>\t\t\t\t\t\t\t\t<\/div>\n\t\t\t\t<\/div>\n\t\t\t\t\t<\/div>\n\t\t\t\t<\/div>\n\t\t<div class=\"elementor-element elementor-element-20e2f0b9 e-flex e-con-boxed elementor-invisible e-con e-parent\" data-id=\"20e2f0b9\" data-element_type=\"container\" data-settings=\"{&quot;animation&quot;:&quot;fadeIn&quot;,&quot;_ha_eqh_enable&quot;:false}\">\n\t\t\t\t\t<div class=\"e-con-inner\">\n\t\t<div class=\"elementor-element elementor-element-d1f99aa e-con-full e-flex e-con e-child\" data-id=\"d1f99aa\" data-element_type=\"container\" data-settings=\"{&quot;_ha_eqh_enable&quot;:false}\">\n\t\t\t\t<div class=\"elementor-element elementor-element-482e953f elementor-widget elementor-widget-progress\" data-id=\"482e953f\" data-element_type=\"widget\" data-widget_type=\"progress.default\">\n\t\t\t\t\t\t\t\t<span class=\"elementor-title\" id=\"elementor-progress-bar-482e953f\">\n\t\t\t\tMarkteinf\u00fchrung 2014\t\t\t<\/span>\n\t\t\n\t\t<div aria-labelledby=\"elementor-progress-bar-482e953f\" class=\"elementor-progress-wrapper\" role=\"progressbar\" aria-valuemin=\"0\" aria-valuemax=\"100\" aria-valuenow=\"50\" aria-valuetext=\"50% (&gt; 9 years experience)\">\n\t\t\t<div class=\"elementor-progress-bar\" data-max=\"50\">\n\t\t\t\t<span class=\"elementor-progress-text\">&gt; 9 Jahre Erfahrung<\/span>\n\t\t\t\t\t\t\t<\/div>\n\t\t<\/div>\n\t\t\t\t\t\t<\/div>\n\t\t\t\t<div class=\"elementor-element elementor-element-784756b5 elementor-widget elementor-widget-progress\" data-id=\"784756b5\" data-element_type=\"widget\" data-widget_type=\"progress.default\">\n\t\t\t\t\t\t\t\t<span class=\"elementor-title\" id=\"elementor-progress-bar-784756b5\">\n\t\t\t\tMitarbeiter\t\t\t<\/span>\n\t\t\n\t\t<div aria-labelledby=\"elementor-progress-bar-784756b5\" class=\"elementor-progress-wrapper\" role=\"progressbar\" aria-valuemin=\"0\" aria-valuemax=\"100\" aria-valuenow=\"63\" aria-valuetext=\"63% (&gt; 40 Employees)\">\n\t\t\t<div class=\"elementor-progress-bar\" data-max=\"63\">\n\t\t\t\t<span class=\"elementor-progress-text\">&gt; 40 Mitarbeiter<\/span>\n\t\t\t\t\t\t\t<\/div>\n\t\t<\/div>\n\t\t\t\t\t\t<\/div>\n\t\t\t\t<div class=\"elementor-element elementor-element-1148ae84 elementor-widget elementor-widget-progress\" data-id=\"1148ae84\" data-element_type=\"widget\" data-widget_type=\"progress.default\">\n\t\t\t\t\t\t\t\t<span class=\"elementor-title\" id=\"elementor-progress-bar-1148ae84\">\n\t\t\t\tVerf\u00fcgbarkeit\t\t\t<\/span>\n\t\t\n\t\t<div aria-labelledby=\"elementor-progress-bar-1148ae84\" class=\"elementor-progress-wrapper\" role=\"progressbar\" aria-valuemin=\"0\" aria-valuemax=\"100\" aria-valuenow=\"67\" aria-valuetext=\"67% (&gt; in over 40 countries)\">\n\t\t\t<div class=\"elementor-progress-bar\" data-max=\"67\">\n\t\t\t\t<span class=\"elementor-progress-text\">&gt; in \u00fcber 40 L\u00e4ndern<\/span>\n\t\t\t\t\t\t\t<\/div>\n\t\t<\/div>\n\t\t\t\t\t\t<\/div>\n\t\t\t\t<\/div>\n\t\t<div class=\"elementor-element elementor-element-52976139 e-con-full e-flex e-con e-child\" data-id=\"52976139\" data-element_type=\"container\" data-settings=\"{&quot;background_background&quot;:&quot;slideshow&quot;,&quot;background_slideshow_gallery&quot;:[],&quot;background_slideshow_loop&quot;:&quot;yes&quot;,&quot;background_slideshow_slide_duration&quot;:5000,&quot;background_slideshow_slide_transition&quot;:&quot;fade&quot;,&quot;background_slideshow_transition_duration&quot;:500,&quot;_ha_eqh_enable&quot;:false}\">\n\t\t\t\t<div class=\"elementor-element elementor-element-dd73398 elementor-widget elementor-widget-image\" data-id=\"dd73398\" data-element_type=\"widget\" data-widget_type=\"image.default\">\n\t\t\t\t\t\t\t\t\t\t\t\t\t\t\t<img decoding=\"async\" width=\"800\" height=\"534\" src=\"https:\/\/vbtec.com\/wp-content\/uploads\/2023\/05\/vb-building_.webp\" class=\"attachment-full size-full wp-image-245081\" alt=\"\" srcset=\"https:\/\/vbtec.com\/wp-content\/uploads\/2023\/05\/vb-building_.webp 800w, https:\/\/vbtec.com\/wp-content\/uploads\/2023\/05\/vb-building_-300x200.webp 300w, https:\/\/vbtec.com\/wp-content\/uploads\/2023\/05\/vb-building_-768x513.webp 768w, https:\/\/vbtec.com\/wp-content\/uploads\/2023\/05\/vb-building_-18x12.webp 18w\" sizes=\"(max-width: 800px) 100vw, 800px\" title=\"vb geb\u00e4ude_ - VBTec\" \/>\t\t\t\t\t\t\t\t\t\t\t\t\t\t\t<\/div>\n\t\t\t\t<\/div>\n\t\t\t\t\t<\/div>\n\t\t\t\t<\/div>\n\t\t\t\t<\/div>","protected":false},"excerpt":{"rendered":"<p>VBTEC The EMS\/EMA Company Erleben Sie un\u00fcbertroffene Qualit\u00e4t und Leistung: Entdecken Sie unseren f\u00fchrenden Hersteller von EMS\/EMA-Bekleidung! Wir bei VBTEC sind der Meinung, dass Fitness und Wellness in Kombination mit EMS\/EMA (Elektrische Muskelstimulation) f\u00fcr jeden zug\u00e4nglich sein sollte. Aus diesem Grund haben wir eine Reihe von Produkten und Dienstleistungen entwickelt, die auf die Bed\u00fcrfnisse der Kunden zugeschnitten sind.<\/p>","protected":false},"author":2,"featured_media":0,"parent":0,"menu_order":10,"comment_status":"closed","ping_status":"closed","template":"","meta":{"footnotes":""},"class_list":["post-261","page","type-page","status-publish","hentry"],"aioseo_notices":[],"_links":{"self":[{"href":"https:\/\/vbtec.com\/de\/wp-json\/wp\/v2\/pages\/261","targetHints":{"allow":["GET"]}}],"collection":[{"href":"https:\/\/vbtec.com\/de\/wp-json\/wp\/v2\/pages"}],"about":[{"href":"https:\/\/vbtec.com\/de\/wp-json\/wp\/v2\/types\/page"}],"author":[{"embeddable":true,"href":"https:\/\/vbtec.com\/de\/wp-json\/wp\/v2\/users\/2"}],"replies":[{"embeddable":true,"href":"https:\/\/vbtec.com\/de\/wp-json\/wp\/v2\/comments?post=261"}],"version-history":[{"count":3,"href":"https:\/\/vbtec.com\/de\/wp-json\/wp\/v2\/pages\/261\/revisions"}],"predecessor-version":[{"id":250049,"href":"https:\/\/vbtec.com\/de\/wp-json\/wp\/v2\/pages\/261\/revisions\/250049"}],"wp:attachment":[{"href":"https:\/\/vbtec.com\/de\/wp-json\/wp\/v2\/media?parent=261"}],"curies":[{"name":"wp","href":"https:\/\/api.w.org\/{rel}","templated":true}]}}